{"id":41007,"date":"2020-10-20T09:31:41","date_gmt":"2020-10-20T09:31:41","guid":{"rendered":"https:\/\/hugoinvesting.com\/try-a-demo-account\/"},"modified":"2022-11-30T14:16:21","modified_gmt":"2022-11-30T14:16:21","slug":"cuenta-de-demostracion","status":"publish","type":"page","link":"https:\/\/hugoinvesting.com\/es\/cuenta-de-demostracion\/","title":{"rendered":"Cuenta de demostraci\u00f3n"},"content":{"rendered":"<h2>Abra una cuenta de demostraci\u00f3n<\/h2>\n<p>Descubre la forma de invertir que m\u00e1s te conviene<\/p>\n<style type=\"text\/css\">\n#IIT-signUpForm.IIT-signUpForm, .IIT-disclaimer label[for=\"AcceptTermsConditions\"] {\n   width: auto !important;\n}\nIIT-field input, IIT-field select {\n   width: 100% !important;\n}\n<\/style>\n<h3>Complete sus datos en este formulario para obtener acceso a una cuenta de demostraci\u00f3n con fondos de demostraci\u00f3n de \u20ac 100,000 para probar el sistema<\/h3>\n<p>Saxo Bank le ofrece una demostraci\u00f3n gratuita de 20 d\u00edas de nuestras plataformas con una cuenta simulada de 100.000 EUR para practicar. Pruebe estrategias de mercado y familiar\u00edcese con las herramientas y funcionalidades antes de comenzar a operar de verdad. <\/p>\n<p>Hugo est\u00e1 aqu\u00ed para guiarte a trav\u00e9s de la plataforma. No dude en ponerse en contacto con nosotros.\u00a0<\/p>\n<p>\t\t\t\t\t\t\t\t\t\t\t\t<img loading=\"lazy\" decoding=\"async\" width=\"1024\" height=\"682\" src=\"https:\/\/hugoinvesting.com\/wp-content\/uploads\/2020\/11\/Hugo-Broker-Spain-Investing-Stock-Exchange-47-1024x682.jpg\" alt=\"\" loading=\"lazy\" srcset=\"https:\/\/hugoinvesting.com\/wp-content\/uploads\/2020\/11\/Hugo-Broker-Spain-Investing-Stock-Exchange-47-1024x682.jpg 1024w, https:\/\/hugoinvesting.com\/wp-content\/uploads\/2020\/11\/Hugo-Broker-Spain-Investing-Stock-Exchange-47-300x200.jpg 300w, https:\/\/hugoinvesting.com\/wp-content\/uploads\/2020\/11\/Hugo-Broker-Spain-Investing-Stock-Exchange-47-768x512.jpg 768w, https:\/\/hugoinvesting.com\/wp-content\/uploads\/2020\/11\/Hugo-Broker-Spain-Investing-Stock-Exchange-47-1536x1024.jpg 1536w, https:\/\/hugoinvesting.com\/wp-content\/uploads\/2020\/11\/Hugo-Broker-Spain-Investing-Stock-Exchange-47-600x400.jpg 600w, https:\/\/hugoinvesting.com\/wp-content\/uploads\/2020\/11\/Hugo-Broker-Spain-Investing-Stock-Exchange-47.jpg 2000w\" sizes=\"auto, (max-width: 1024px) 100vw, 1024px\" \/><\/p>\n","protected":false},"excerpt":{"rendered":"<p>Abra una cuenta de demostraci\u00f3n Descubre la forma de invertir que m\u00e1s te conviene Complete sus datos en este formulario para obtener acceso a una cuenta de demostraci\u00f3n con fondos de demostraci\u00f3n de \u20ac 100,000 para probar el sistema Saxo Bank le ofrece una demostraci\u00f3n gratuita de 20 d\u00edas de nuestras plataformas con una cuenta [&hellip;]<\/p>\n","protected":false},"author":3,"featured_media":0,"parent":0,"menu_order":0,"comment_status":"closed","ping_status":"closed","template":"","meta":{"site-sidebar-layout":"no-sidebar","site-content-layout":"page-builder","ast-site-content-layout":"default","site-content-style":"default","site-sidebar-style":"default","ast-global-header-display":"","ast-banner-title-visibility":"","ast-main-header-display":"","ast-hfb-above-header-display":"","ast-hfb-below-header-display":"","ast-hfb-mobile-header-display":"","site-post-title":"disabled","ast-breadcrumbs-content":"","ast-featured-img":"disabled","footer-sml-layout":"","ast-disable-related-posts":"","theme-transparent-header-meta":"default","adv-header-id-meta":"","stick-header-meta":"default","header-above-stick-meta":"","header-main-stick-meta":"","header-below-stick-meta":"","astra-migrate-meta-layouts":"default","ast-page-background-enabled":"default","ast-page-background-meta":{"desktop":{"background-color":"","background-image":"","background-repeat":"repeat","background-position":"center center","background-size":"auto","background-attachment":"scroll","background-type":"","background-media":"","overlay-type":"","overlay-color":"","overlay-opacity":"","overlay-gradient":""},"tablet":{"background-color":"","background-image":"","background-repeat":"repeat","background-position":"center center","background-size":"auto","background-attachment":"scroll","background-type":"","background-media":"","overlay-type":"","overlay-color":"","overlay-opacity":"","overlay-gradient":""},"mobile":{"background-color":"","background-image":"","background-repeat":"repeat","background-position":"center center","background-size":"auto","background-attachment":"scroll","background-type":"","background-media":"","overlay-type":"","overlay-color":"","overlay-opacity":"","overlay-gradient":""}},"ast-content-background-meta":{"desktop":{"background-color":"var(--ast-global-color-5)","background-image":"","background-repeat":"repeat","background-position":"center center","background-size":"auto","background-attachment":"scroll","background-type":"","background-media":"","overlay-type":"","overlay-color":"","overlay-opacity":"","overlay-gradient":""},"tablet":{"background-color":"var(--ast-global-color-5)","background-image":"","background-repeat":"repeat","background-position":"center center","background-size":"auto","background-attachment":"scroll","background-type":"","background-media":"","overlay-type":"","overlay-color":"","overlay-opacity":"","overlay-gradient":""},"mobile":{"background-color":"var(--ast-global-color-5)","background-image":"","background-repeat":"repeat","background-position":"center center","background-size":"auto","background-attachment":"scroll","background-type":"","background-media":"","overlay-type":"","overlay-color":"","overlay-opacity":"","overlay-gradient":""}},"_joinchat":[],"footnotes":""},"class_list":["post-41007","page","type-page","status-publish","hentry"],"yoast_head":"<!-- This site is optimized with the Yoast SEO plugin v26.8 - https:\/\/yoast.com\/product\/yoast-seo-wordpress\/ -->\n<title>Cuenta de demostraci\u00f3n | F\u00e1cil de usar, profesional, m\u00f3vil y disponible en 28 idiomas<\/title>\n<meta name=\"description\" content=\"Pruebe una cuenta de demostraci\u00f3n. Complete sus datos en este formulario para obtener acceso a una cuenta de demostraci\u00f3n con fondos de demostraci\u00f3n de \u20ac 100,000 para probar el sistema. Saxo Bank le ofrece una demostraci\u00f3n gratuita de 20 d\u00edas de nuestras plataformas con una cuenta simulada de 100.000 EUR para practicar. Hugo est\u00e1 aqu\u00ed para guiarte a trav\u00e9s de la plataforma. No dude en ponerse en contacto con nosotros.\" \/>\n<meta name=\"robots\" content=\"index, follow, max-snippet:-1, max-image-preview:large, max-video-preview:-1\" \/>\n<link rel=\"canonical\" href=\"https:\/\/hugoinvesting.com\/es\/cuenta-de-demostracion\/\" \/>\n<meta property=\"og:locale\" content=\"es_ES\" \/>\n<meta property=\"og:type\" content=\"article\" \/>\n<meta property=\"og:title\" content=\"Cuenta de demostraci\u00f3n | F\u00e1cil de usar, profesional, m\u00f3vil y disponible en 28 idiomas\" \/>\n<meta property=\"og:description\" content=\"Pruebe una cuenta de demostraci\u00f3n. Complete sus datos en este formulario para obtener acceso a una cuenta de demostraci\u00f3n con fondos de demostraci\u00f3n de \u20ac 100,000 para probar el sistema. Saxo Bank le ofrece una demostraci\u00f3n gratuita de 20 d\u00edas de nuestras plataformas con una cuenta simulada de 100.000 EUR para practicar. Hugo est\u00e1 aqu\u00ed para guiarte a trav\u00e9s de la plataforma. No dude en ponerse en contacto con nosotros.\" \/>\n<meta property=\"og:url\" content=\"https:\/\/hugoinvesting.com\/es\/cuenta-de-demostracion\/\" \/>\n<meta property=\"og:site_name\" content=\"Hugo Investing\" \/>\n<meta property=\"article:publisher\" content=\"https:\/\/www.facebook.com\/hugoinvesting\" \/>\n<meta property=\"article:modified_time\" content=\"2022-11-30T14:16:21+00:00\" \/>\n<meta property=\"og:image\" content=\"https:\/\/hugoinvesting.com\/wp-content\/uploads\/2020\/11\/Hugo-Broker-Spain-Investing-Stock-Exchange-47-1024x682.jpg\" \/>\n<meta name=\"twitter:card\" content=\"summary_large_image\" \/>\n<meta name=\"twitter:label1\" content=\"Tiempo de lectura\" \/>\n\t<meta name=\"twitter:data1\" content=\"1 minuto\" \/>\n<script type=\"application\/ld+json\" class=\"yoast-schema-graph\">{\"@context\":\"https:\/\/schema.org\",\"@graph\":[{\"@type\":\"WebPage\",\"@id\":\"https:\/\/hugoinvesting.com\/es\/cuenta-de-demostracion\/\",\"url\":\"https:\/\/hugoinvesting.com\/es\/cuenta-de-demostracion\/\",\"name\":\"Cuenta de demostraci\u00f3n | F\u00e1cil de usar, profesional, m\u00f3vil y disponible en 28 idiomas\",\"isPartOf\":{\"@id\":\"https:\/\/hugoinvesting.com\/#website\"},\"primaryImageOfPage\":{\"@id\":\"https:\/\/hugoinvesting.com\/es\/cuenta-de-demostracion\/#primaryimage\"},\"image\":{\"@id\":\"https:\/\/hugoinvesting.com\/es\/cuenta-de-demostracion\/#primaryimage\"},\"thumbnailUrl\":\"https:\/\/hugoinvesting.com\/wp-content\/uploads\/2020\/11\/Hugo-Broker-Spain-Investing-Stock-Exchange-47-1024x682.jpg\",\"datePublished\":\"2020-10-20T09:31:41+00:00\",\"dateModified\":\"2022-11-30T14:16:21+00:00\",\"description\":\"Pruebe una cuenta de demostraci\u00f3n. Complete sus datos en este formulario para obtener acceso a una cuenta de demostraci\u00f3n con fondos de demostraci\u00f3n de \u20ac 100,000 para probar el sistema. Saxo Bank le ofrece una demostraci\u00f3n gratuita de 20 d\u00edas de nuestras plataformas con una cuenta simulada de 100.000 EUR para practicar. Hugo est\u00e1 aqu\u00ed para guiarte a trav\u00e9s de la plataforma. No dude en ponerse en contacto con nosotros.\",\"breadcrumb\":{\"@id\":\"https:\/\/hugoinvesting.com\/es\/cuenta-de-demostracion\/#breadcrumb\"},\"inLanguage\":\"es\",\"potentialAction\":[{\"@type\":\"ReadAction\",\"target\":[\"https:\/\/hugoinvesting.com\/es\/cuenta-de-demostracion\/\"]}]},{\"@type\":\"ImageObject\",\"inLanguage\":\"es\",\"@id\":\"https:\/\/hugoinvesting.com\/es\/cuenta-de-demostracion\/#primaryimage\",\"url\":\"https:\/\/hugoinvesting.com\/wp-content\/uploads\/2020\/11\/Hugo-Broker-Spain-Investing-Stock-Exchange-47-1024x682.jpg\",\"contentUrl\":\"https:\/\/hugoinvesting.com\/wp-content\/uploads\/2020\/11\/Hugo-Broker-Spain-Investing-Stock-Exchange-47-1024x682.jpg\"},{\"@type\":\"BreadcrumbList\",\"@id\":\"https:\/\/hugoinvesting.com\/es\/cuenta-de-demostracion\/#breadcrumb\",\"itemListElement\":[{\"@type\":\"ListItem\",\"position\":1,\"name\":\"Home\",\"item\":\"https:\/\/hugoinvesting.com\/\"},{\"@type\":\"ListItem\",\"position\":2,\"name\":\"Cuenta de demostraci\u00f3n\"}]},{\"@type\":\"WebSite\",\"@id\":\"https:\/\/hugoinvesting.com\/#website\",\"url\":\"https:\/\/hugoinvesting.com\/\",\"name\":\"Hugo Investing\",\"description\":\"Taking Care of Trader and Investors. Hugo helps traders and investors become better investors. Hugo is a broker where you can buy all financial instruments. Hugo&#039;s clients have a Saxo Bank account and receive unlimited support from Hugo&#039;s team of real investors.\",\"publisher\":{\"@id\":\"https:\/\/hugoinvesting.com\/#organization\"},\"potentialAction\":[{\"@type\":\"SearchAction\",\"target\":{\"@type\":\"EntryPoint\",\"urlTemplate\":\"https:\/\/hugoinvesting.com\/?s={search_term_string}\"},\"query-input\":{\"@type\":\"PropertyValueSpecification\",\"valueRequired\":true,\"valueName\":\"search_term_string\"}}],\"inLanguage\":\"es\"},{\"@type\":\"Organization\",\"@id\":\"https:\/\/hugoinvesting.com\/#organization\",\"name\":\"Hugo Investing\",\"url\":\"https:\/\/hugoinvesting.com\/\",\"logo\":{\"@type\":\"ImageObject\",\"inLanguage\":\"es\",\"@id\":\"https:\/\/hugoinvesting.com\/#\/schema\/logo\/image\/\",\"url\":\"https:\/\/hugoinvesting.com\/wp-content\/uploads\/2022\/01\/Logo-Hugo.jpg\",\"contentUrl\":\"https:\/\/hugoinvesting.com\/wp-content\/uploads\/2022\/01\/Logo-Hugo.jpg\",\"width\":900,\"height\":900,\"caption\":\"Hugo Investing\"},\"image\":{\"@id\":\"https:\/\/hugoinvesting.com\/#\/schema\/logo\/image\/\"},\"sameAs\":[\"https:\/\/www.facebook.com\/hugoinvesting\",\"https:\/\/www.instagram.com\/hugoinvesting\/\",\"https:\/\/es.linkedin.com\/company\/hugoinvesting\",\"https:\/\/www.youtube.com\/c\/HugoInvesting\",\"https:\/\/www.facebook.com\/hugoinvestingnederlands\",\"https:\/\/www.instagram.com\/hugoinvestingnederlands\",\"https:\/\/www.youtube.com\/c\/hugoinvestingspanjeportugal\"]}]}<\/script>\n<!-- \/ Yoast SEO plugin. -->","yoast_head_json":{"title":"Cuenta de demostraci\u00f3n | F\u00e1cil de usar, profesional, m\u00f3vil y disponible en 28 idiomas","description":"Pruebe una cuenta de demostraci\u00f3n. Complete sus datos en este formulario para obtener acceso a una cuenta de demostraci\u00f3n con fondos de demostraci\u00f3n de \u20ac 100,000 para probar el sistema. Saxo Bank le ofrece una demostraci\u00f3n gratuita de 20 d\u00edas de nuestras plataformas con una cuenta simulada de 100.000 EUR para practicar. Hugo est\u00e1 aqu\u00ed para guiarte a trav\u00e9s de la plataforma. No dude en ponerse en contacto con nosotros.","robots":{"index":"index","follow":"follow","max-snippet":"max-snippet:-1","max-image-preview":"max-image-preview:large","max-video-preview":"max-video-preview:-1"},"canonical":"https:\/\/hugoinvesting.com\/es\/cuenta-de-demostracion\/","og_locale":"es_ES","og_type":"article","og_title":"Cuenta de demostraci\u00f3n | F\u00e1cil de usar, profesional, m\u00f3vil y disponible en 28 idiomas","og_description":"Pruebe una cuenta de demostraci\u00f3n. Complete sus datos en este formulario para obtener acceso a una cuenta de demostraci\u00f3n con fondos de demostraci\u00f3n de \u20ac 100,000 para probar el sistema. Saxo Bank le ofrece una demostraci\u00f3n gratuita de 20 d\u00edas de nuestras plataformas con una cuenta simulada de 100.000 EUR para practicar. Hugo est\u00e1 aqu\u00ed para guiarte a trav\u00e9s de la plataforma. No dude en ponerse en contacto con nosotros.","og_url":"https:\/\/hugoinvesting.com\/es\/cuenta-de-demostracion\/","og_site_name":"Hugo Investing","article_publisher":"https:\/\/www.facebook.com\/hugoinvesting","article_modified_time":"2022-11-30T14:16:21+00:00","og_image":[{"url":"https:\/\/hugoinvesting.com\/wp-content\/uploads\/2020\/11\/Hugo-Broker-Spain-Investing-Stock-Exchange-47-1024x682.jpg","type":"","width":"","height":""}],"twitter_card":"summary_large_image","twitter_misc":{"Tiempo de lectura":"1 minuto"},"schema":{"@context":"https:\/\/schema.org","@graph":[{"@type":"WebPage","@id":"https:\/\/hugoinvesting.com\/es\/cuenta-de-demostracion\/","url":"https:\/\/hugoinvesting.com\/es\/cuenta-de-demostracion\/","name":"Cuenta de demostraci\u00f3n | F\u00e1cil de usar, profesional, m\u00f3vil y disponible en 28 idiomas","isPartOf":{"@id":"https:\/\/hugoinvesting.com\/#website"},"primaryImageOfPage":{"@id":"https:\/\/hugoinvesting.com\/es\/cuenta-de-demostracion\/#primaryimage"},"image":{"@id":"https:\/\/hugoinvesting.com\/es\/cuenta-de-demostracion\/#primaryimage"},"thumbnailUrl":"https:\/\/hugoinvesting.com\/wp-content\/uploads\/2020\/11\/Hugo-Broker-Spain-Investing-Stock-Exchange-47-1024x682.jpg","datePublished":"2020-10-20T09:31:41+00:00","dateModified":"2022-11-30T14:16:21+00:00","description":"Pruebe una cuenta de demostraci\u00f3n. Complete sus datos en este formulario para obtener acceso a una cuenta de demostraci\u00f3n con fondos de demostraci\u00f3n de \u20ac 100,000 para probar el sistema. Saxo Bank le ofrece una demostraci\u00f3n gratuita de 20 d\u00edas de nuestras plataformas con una cuenta simulada de 100.000 EUR para practicar. Hugo est\u00e1 aqu\u00ed para guiarte a trav\u00e9s de la plataforma. No dude en ponerse en contacto con nosotros.","breadcrumb":{"@id":"https:\/\/hugoinvesting.com\/es\/cuenta-de-demostracion\/#breadcrumb"},"inLanguage":"es","potentialAction":[{"@type":"ReadAction","target":["https:\/\/hugoinvesting.com\/es\/cuenta-de-demostracion\/"]}]},{"@type":"ImageObject","inLanguage":"es","@id":"https:\/\/hugoinvesting.com\/es\/cuenta-de-demostracion\/#primaryimage","url":"https:\/\/hugoinvesting.com\/wp-content\/uploads\/2020\/11\/Hugo-Broker-Spain-Investing-Stock-Exchange-47-1024x682.jpg","contentUrl":"https:\/\/hugoinvesting.com\/wp-content\/uploads\/2020\/11\/Hugo-Broker-Spain-Investing-Stock-Exchange-47-1024x682.jpg"},{"@type":"BreadcrumbList","@id":"https:\/\/hugoinvesting.com\/es\/cuenta-de-demostracion\/#breadcrumb","itemListElement":[{"@type":"ListItem","position":1,"name":"Home","item":"https:\/\/hugoinvesting.com\/"},{"@type":"ListItem","position":2,"name":"Cuenta de demostraci\u00f3n"}]},{"@type":"WebSite","@id":"https:\/\/hugoinvesting.com\/#website","url":"https:\/\/hugoinvesting.com\/","name":"Hugo Investing","description":"Taking Care of Trader and Investors. Hugo helps traders and investors become better investors. Hugo is a broker where you can buy all financial instruments. Hugo&#039;s clients have a Saxo Bank account and receive unlimited support from Hugo&#039;s team of real investors.","publisher":{"@id":"https:\/\/hugoinvesting.com\/#organization"},"potentialAction":[{"@type":"SearchAction","target":{"@type":"EntryPoint","urlTemplate":"https:\/\/hugoinvesting.com\/?s={search_term_string}"},"query-input":{"@type":"PropertyValueSpecification","valueRequired":true,"valueName":"search_term_string"}}],"inLanguage":"es"},{"@type":"Organization","@id":"https:\/\/hugoinvesting.com\/#organization","name":"Hugo Investing","url":"https:\/\/hugoinvesting.com\/","logo":{"@type":"ImageObject","inLanguage":"es","@id":"https:\/\/hugoinvesting.com\/#\/schema\/logo\/image\/","url":"https:\/\/hugoinvesting.com\/wp-content\/uploads\/2022\/01\/Logo-Hugo.jpg","contentUrl":"https:\/\/hugoinvesting.com\/wp-content\/uploads\/2022\/01\/Logo-Hugo.jpg","width":900,"height":900,"caption":"Hugo Investing"},"image":{"@id":"https:\/\/hugoinvesting.com\/#\/schema\/logo\/image\/"},"sameAs":["https:\/\/www.facebook.com\/hugoinvesting","https:\/\/www.instagram.com\/hugoinvesting\/","https:\/\/es.linkedin.com\/company\/hugoinvesting","https:\/\/www.youtube.com\/c\/HugoInvesting","https:\/\/www.facebook.com\/hugoinvestingnederlands","https:\/\/www.instagram.com\/hugoinvestingnederlands","https:\/\/www.youtube.com\/c\/hugoinvestingspanjeportugal"]}]}},"_links":{"self":[{"href":"https:\/\/hugoinvesting.com\/es\/wp-json\/wp\/v2\/pages\/41007","targetHints":{"allow":["GET"]}}],"collection":[{"href":"https:\/\/hugoinvesting.com\/es\/wp-json\/wp\/v2\/pages"}],"about":[{"href":"https:\/\/hugoinvesting.com\/es\/wp-json\/wp\/v2\/types\/page"}],"author":[{"embeddable":true,"href":"https:\/\/hugoinvesting.com\/es\/wp-json\/wp\/v2\/users\/3"}],"replies":[{"embeddable":true,"href":"https:\/\/hugoinvesting.com\/es\/wp-json\/wp\/v2\/comments?post=41007"}],"version-history":[{"count":2,"href":"https:\/\/hugoinvesting.com\/es\/wp-json\/wp\/v2\/pages\/41007\/revisions"}],"predecessor-version":[{"id":41009,"href":"https:\/\/hugoinvesting.com\/es\/wp-json\/wp\/v2\/pages\/41007\/revisions\/41009"}],"wp:attachment":[{"href":"https:\/\/hugoinvesting.com\/es\/wp-json\/wp\/v2\/media?parent=41007"}],"curies":[{"name":"wp","href":"https:\/\/api.w.org\/{rel}","templated":true}]}}