{"id":34306,"date":"2020-11-03T10:50:17","date_gmt":"2020-11-03T10:50:17","guid":{"rendered":"https:\/\/hugoinvesting.com\/landingspagina-demo-account\/"},"modified":"2021-05-10T09:24:14","modified_gmt":"2021-05-10T09:24:14","slug":"landingspagina-demo-account","status":"publish","type":"page","link":"https:\/\/hugoinvesting.com\/es\/landingspagina-demo-account\/","title":{"rendered":"LP Demo Account"},"content":{"rendered":"<!-- Added by Post\/Page Specific Custom Code plugin, thank you for using! -->\n<style>.footer-width-fixer {\r\n    width: 100%;\r\n    display: none !important;\r\n}<\/style>\n\t\t<div data-elementor-type=\"wp-page\" data-elementor-id=\"34306\" class=\"elementor elementor-34306 elementor-25736\" data-elementor-post-type=\"page\">\n\t\t\t\t\t\t<section class=\"elementor-section elementor-top-section elementor-element elementor-element-36763d1e elementor-section-boxed elementor-section-height-default elementor-section-height-default\" data-id=\"36763d1e\" data-element_type=\"section\" data-e-type=\"section\" data-settings=\"{&quot;background_background&quot;:&quot;classic&quot;}\">\n\t\t\t\t\t\t\t<div class=\"elementor-background-overlay\"><\/div>\n\t\t\t\t\t\t\t<div class=\"elementor-container elementor-column-gap-default\">\n\t\t\t\t\t<div class=\"elementor-column elementor-col-100 elementor-top-column elementor-element elementor-element-101cc629\" data-id=\"101cc629\" data-element_type=\"column\" data-e-type=\"column\">\n\t\t\t<div class=\"elementor-widget-wrap elementor-element-populated\">\n\t\t\t\t\t\t<div class=\"elementor-element elementor-element-229047eb elementor-widget elementor-widget-image-box\" data-id=\"229047eb\" data-element_type=\"widget\" data-e-type=\"widget\" data-widget_type=\"image-box.default\">\n\t\t\t\t<div class=\"elementor-widget-container\">\n\t\t\t\t\t<div class=\"elementor-image-box-wrapper\"><div class=\"elementor-image-box-content\"><h1 class=\"elementor-image-box-title\">Pruebe una cuenta DEMO<\/h1><p class=\"elementor-image-box-description\">F\u00e1cil de usar, profesional, m\u00f3vil y disponible en 28 idiomas.<\/p><\/div><\/div>\t\t\t\t<\/div>\n\t\t\t\t<\/div>\n\t\t\t\t<section class=\"elementor-section elementor-inner-section elementor-element elementor-element-701523fc elementor-section-boxed elementor-section-height-default elementor-section-height-default\" data-id=\"701523fc\" data-element_type=\"section\" data-e-type=\"section\">\n\t\t\t\t\t\t<div class=\"elementor-container elementor-column-gap-default\">\n\t\t\t\t\t<div class=\"elementor-column elementor-col-100 elementor-inner-column elementor-element elementor-element-779d0de1\" data-id=\"779d0de1\" data-element_type=\"column\" data-e-type=\"column\">\n\t\t\t<div class=\"elementor-widget-wrap elementor-element-populated\">\n\t\t\t\t\t\t<div class=\"elementor-element elementor-element-35015177 elementor-align-center elementor-mobile-align-center elementor-widget elementor-widget-button\" data-id=\"35015177\" data-element_type=\"widget\" data-e-type=\"widget\" data-widget_type=\"button.default\">\n\t\t\t\t<div class=\"elementor-widget-container\">\n\t\t\t\t\t\t\t\t\t<div class=\"elementor-button-wrapper\">\n\t\t\t\t\t<a class=\"elementor-button elementor-button-link elementor-size-lg\" href=\"https:\/\/hugoinvesting.com\/es\/cuenta-demo\/\">\n\t\t\t\t\t\t<span class=\"elementor-button-content-wrapper\">\n\t\t\t\t\t\t\t\t\t<span class=\"elementor-button-text\">cuenta demo<\/span>\n\t\t\t\t\t<\/span>\n\t\t\t\t\t<\/a>\n\t\t\t\t<\/div>\n\t\t\t\t\t\t\t\t<\/div>\n\t\t\t\t<\/div>\n\t\t\t\t\t<\/div>\n\t\t<\/div>\n\t\t\t\t\t<\/div>\n\t\t<\/section>\n\t\t\t\t<section class=\"elementor-section elementor-inner-section elementor-element elementor-element-c225377 elementor-section-boxed elementor-section-height-default elementor-section-height-default\" data-id=\"c225377\" data-element_type=\"section\" data-e-type=\"section\" data-settings=\"{&quot;background_background&quot;:&quot;gradient&quot;}\">\n\t\t\t\t\t\t<div class=\"elementor-container elementor-column-gap-default\">\n\t\t\t\t\t<div class=\"elementor-column elementor-col-100 elementor-inner-column elementor-element elementor-element-f654f19\" data-id=\"f654f19\" data-element_type=\"column\" data-e-type=\"column\">\n\t\t\t<div class=\"elementor-widget-wrap elementor-element-populated\">\n\t\t\t\t\t\t<div class=\"elementor-element elementor-element-84d5cc3 elementor-widget elementor-widget-text-editor\" data-id=\"84d5cc3\" data-element_type=\"widget\" data-e-type=\"widget\" data-widget_type=\"text-editor.default\">\n\t\t\t\t<div class=\"elementor-widget-container\">\n\t\t\t\t\t\t\t\t\t<p><strong>Rellene sus datos en este formulario para acceder a una cuenta de demostraci\u00f3n con 100.000 euros de fondos de demostraci\u00f3n para probar el sistema.<\/strong><\/p><p>Saxo Bank le ofrece una demostraci\u00f3n gratuita de 20 d\u00edas de nuestras plataformas con una cuenta simulada de 100.000 euros para practicar. Pruebe las estrategias de mercado y familiar\u00edcese con las herramientas y funcionalidades antes de empezar a invertir de verdad.<\/p>\t\t\t\t\t\t\t\t<\/div>\n\t\t\t\t<\/div>\n\t\t\t\t<div class=\"elementor-element elementor-element-6dfd6ae elementor-align-left elementor-mobile-align-center elementor-widget elementor-widget-button\" data-id=\"6dfd6ae\" data-element_type=\"widget\" data-e-type=\"widget\" data-widget_type=\"button.default\">\n\t\t\t\t<div class=\"elementor-widget-container\">\n\t\t\t\t\t\t\t\t\t<div class=\"elementor-button-wrapper\">\n\t\t\t\t\t<a class=\"elementor-button elementor-button-link elementor-size-lg\" href=\"https:\/\/hugoinvesting.com\/es\/cuenta-demo\/\">\n\t\t\t\t\t\t<span class=\"elementor-button-content-wrapper\">\n\t\t\t\t\t\t\t\t\t<span class=\"elementor-button-text\">pruebe la cuenta demo<\/span>\n\t\t\t\t\t<\/span>\n\t\t\t\t\t<\/a>\n\t\t\t\t<\/div>\n\t\t\t\t\t\t\t\t<\/div>\n\t\t\t\t<\/div>\n\t\t\t\t\t<\/div>\n\t\t<\/div>\n\t\t\t\t\t<\/div>\n\t\t<\/section>\n\t\t\t\t\t<\/div>\n\t\t<\/div>\n\t\t\t\t\t<\/div>\n\t\t<\/section>\n\t\t\t\t<\/div>\n\t\t","protected":false},"excerpt":{"rendered":"<p>Pruebe una cuenta DEMO F\u00e1cil de usar, profesional, m\u00f3vil y disponible en 28 idiomas. cuenta demo Rellene sus datos en este formulario para acceder a una cuenta de demostraci\u00f3n con 100.000 euros de fondos de demostraci\u00f3n para probar el sistema. Saxo Bank le ofrece una demostraci\u00f3n gratuita de 20 d\u00edas de nuestras plataformas con una [&hellip;]<\/p>\n","protected":false},"author":3,"featured_media":0,"parent":0,"menu_order":0,"comment_status":"closed","ping_status":"closed","template":"","meta":{"site-sidebar-layout":"no-sidebar","site-content-layout":"page-builder","ast-site-content-layout":"default","site-content-style":"default","site-sidebar-style":"default","ast-global-header-display":"","ast-banner-title-visibility":"","ast-main-header-display":"disabled","ast-hfb-above-header-display":"","ast-hfb-below-header-display":"","ast-hfb-mobile-header-display":"","site-post-title":"disabled","ast-breadcrumbs-content":"","ast-featured-img":"disabled","footer-sml-layout":"disabled","ast-disable-related-posts":"","theme-transparent-header-meta":"default","adv-header-id-meta":"","stick-header-meta":"default","header-above-stick-meta":"","header-main-stick-meta":"","header-below-stick-meta":"","astra-migrate-meta-layouts":"default","ast-page-background-enabled":"default","ast-page-background-meta":{"desktop":{"background-color":"","background-image":"","background-repeat":"repeat","background-position":"center center","background-size":"auto","background-attachment":"scroll","background-type":"","background-media":"","overlay-type":"","overlay-color":"","overlay-opacity":"","overlay-gradient":""},"tablet":{"background-color":"","background-image":"","background-repeat":"repeat","background-position":"center center","background-size":"auto","background-attachment":"scroll","background-type":"","background-media":"","overlay-type":"","overlay-color":"","overlay-opacity":"","overlay-gradient":""},"mobile":{"background-color":"","background-image":"","background-repeat":"repeat","background-position":"center center","background-size":"auto","background-attachment":"scroll","background-type":"","background-media":"","overlay-type":"","overlay-color":"","overlay-opacity":"","overlay-gradient":""}},"ast-content-background-meta":{"desktop":{"background-color":"var(--ast-global-color-5)","background-image":"","background-repeat":"repeat","background-position":"center center","background-size":"auto","background-attachment":"scroll","background-type":"","background-media":"","overlay-type":"","overlay-color":"","overlay-opacity":"","overlay-gradient":""},"tablet":{"background-color":"var(--ast-global-color-5)","background-image":"","background-repeat":"repeat","background-position":"center center","background-size":"auto","background-attachment":"scroll","background-type":"","background-media":"","overlay-type":"","overlay-color":"","overlay-opacity":"","overlay-gradient":""},"mobile":{"background-color":"var(--ast-global-color-5)","background-image":"","background-repeat":"repeat","background-position":"center center","background-size":"auto","background-attachment":"scroll","background-type":"","background-media":"","overlay-type":"","overlay-color":"","overlay-opacity":"","overlay-gradient":""}},"_joinchat":[],"footnotes":""},"class_list":["post-34306","page","type-page","status-publish","hentry"],"yoast_head":"<!-- This site is optimized with the Yoast SEO plugin v26.8 - https:\/\/yoast.com\/product\/yoast-seo-wordpress\/ -->\n<title>LP Demo Account | Hugo Investing<\/title>\n<meta name=\"description\" content=\"Pruebe una cuenta DEMOF\u00e1cil de usar, profesional, m\u00f3vil y disponible en 28 idiomas. cuenta demo Rellene sus datos en este formulario para acceder a una\" \/>\n<meta name=\"robots\" content=\"index, follow, max-snippet:-1, max-image-preview:large, max-video-preview:-1\" \/>\n<link rel=\"canonical\" href=\"https:\/\/hugoinvesting.com\/es\/landingspagina-demo-account\/\" \/>\n<meta property=\"og:locale\" content=\"es_ES\" \/>\n<meta property=\"og:type\" content=\"article\" \/>\n<meta property=\"og:title\" content=\"LP Demo Account | Hugo Investing\" \/>\n<meta property=\"og:description\" content=\"Pruebe una cuenta DEMOF\u00e1cil de usar, profesional, m\u00f3vil y disponible en 28 idiomas. cuenta demo Rellene sus datos en este formulario para acceder a una\" \/>\n<meta property=\"og:url\" content=\"https:\/\/hugoinvesting.com\/es\/landingspagina-demo-account\/\" \/>\n<meta property=\"og:site_name\" content=\"Hugo Investing\" \/>\n<meta property=\"article:publisher\" content=\"https:\/\/www.facebook.com\/hugoinvesting\" \/>\n<meta property=\"article:modified_time\" content=\"2021-05-10T09:24:14+00:00\" \/>\n<meta property=\"og:image\" content=\"https:\/\/hugoinvesting.com\/wp-content\/uploads\/2022\/10\/StartADemo.jpg\" \/>\n\t<meta property=\"og:image:width\" content=\"518\" \/>\n\t<meta property=\"og:image:height\" content=\"346\" \/>\n\t<meta property=\"og:image:type\" content=\"image\/jpeg\" \/>\n<meta name=\"twitter:card\" content=\"summary_large_image\" \/>\n<meta name=\"twitter:label1\" content=\"Tiempo de lectura\" \/>\n\t<meta name=\"twitter:data1\" content=\"1 minuto\" \/>\n<script type=\"application\/ld+json\" class=\"yoast-schema-graph\">{\"@context\":\"https:\/\/schema.org\",\"@graph\":[{\"@type\":\"WebPage\",\"@id\":\"https:\/\/hugoinvesting.com\/es\/landingspagina-demo-account\/\",\"url\":\"https:\/\/hugoinvesting.com\/es\/landingspagina-demo-account\/\",\"name\":\"LP Demo Account | Hugo Investing\",\"isPartOf\":{\"@id\":\"https:\/\/hugoinvesting.com\/#website\"},\"datePublished\":\"2020-11-03T10:50:17+00:00\",\"dateModified\":\"2021-05-10T09:24:14+00:00\",\"description\":\"Pruebe una cuenta DEMOF\u00e1cil de usar, profesional, m\u00f3vil y disponible en 28 idiomas. cuenta demo Rellene sus datos en este formulario para acceder a una\",\"breadcrumb\":{\"@id\":\"https:\/\/hugoinvesting.com\/es\/landingspagina-demo-account\/#breadcrumb\"},\"inLanguage\":\"es\",\"potentialAction\":[{\"@type\":\"ReadAction\",\"target\":[\"https:\/\/hugoinvesting.com\/es\/landingspagina-demo-account\/\"]}]},{\"@type\":\"BreadcrumbList\",\"@id\":\"https:\/\/hugoinvesting.com\/es\/landingspagina-demo-account\/#breadcrumb\",\"itemListElement\":[{\"@type\":\"ListItem\",\"position\":1,\"name\":\"Home\",\"item\":\"https:\/\/hugoinvesting.com\/\"},{\"@type\":\"ListItem\",\"position\":2,\"name\":\"LP Demo Account\"}]},{\"@type\":\"WebSite\",\"@id\":\"https:\/\/hugoinvesting.com\/#website\",\"url\":\"https:\/\/hugoinvesting.com\/\",\"name\":\"Hugo Investing\",\"description\":\"Taking Care of Trader and Investors. Hugo helps traders and investors become better investors. Hugo is a broker where you can buy all financial instruments. Hugo&#039;s clients have a Saxo Bank account and receive unlimited support from Hugo&#039;s team of real investors.\",\"publisher\":{\"@id\":\"https:\/\/hugoinvesting.com\/#organization\"},\"potentialAction\":[{\"@type\":\"SearchAction\",\"target\":{\"@type\":\"EntryPoint\",\"urlTemplate\":\"https:\/\/hugoinvesting.com\/?s={search_term_string}\"},\"query-input\":{\"@type\":\"PropertyValueSpecification\",\"valueRequired\":true,\"valueName\":\"search_term_string\"}}],\"inLanguage\":\"es\"},{\"@type\":\"Organization\",\"@id\":\"https:\/\/hugoinvesting.com\/#organization\",\"name\":\"Hugo Investing\",\"url\":\"https:\/\/hugoinvesting.com\/\",\"logo\":{\"@type\":\"ImageObject\",\"inLanguage\":\"es\",\"@id\":\"https:\/\/hugoinvesting.com\/#\/schema\/logo\/image\/\",\"url\":\"https:\/\/hugoinvesting.com\/wp-content\/uploads\/2022\/01\/Logo-Hugo.jpg\",\"contentUrl\":\"https:\/\/hugoinvesting.com\/wp-content\/uploads\/2022\/01\/Logo-Hugo.jpg\",\"width\":900,\"height\":900,\"caption\":\"Hugo Investing\"},\"image\":{\"@id\":\"https:\/\/hugoinvesting.com\/#\/schema\/logo\/image\/\"},\"sameAs\":[\"https:\/\/www.facebook.com\/hugoinvesting\",\"https:\/\/www.instagram.com\/hugoinvesting\/\",\"https:\/\/es.linkedin.com\/company\/hugoinvesting\",\"https:\/\/www.youtube.com\/c\/HugoInvesting\",\"https:\/\/www.facebook.com\/hugoinvestingnederlands\",\"https:\/\/www.instagram.com\/hugoinvestingnederlands\",\"https:\/\/www.youtube.com\/c\/hugoinvestingspanjeportugal\"]}]}<\/script>\n<!-- \/ Yoast SEO plugin. -->","yoast_head_json":{"title":"LP Demo Account | Hugo Investing","description":"Pruebe una cuenta DEMOF\u00e1cil de usar, profesional, m\u00f3vil y disponible en 28 idiomas. cuenta demo Rellene sus datos en este formulario para acceder a una","robots":{"index":"index","follow":"follow","max-snippet":"max-snippet:-1","max-image-preview":"max-image-preview:large","max-video-preview":"max-video-preview:-1"},"canonical":"https:\/\/hugoinvesting.com\/es\/landingspagina-demo-account\/","og_locale":"es_ES","og_type":"article","og_title":"LP Demo Account | Hugo Investing","og_description":"Pruebe una cuenta DEMOF\u00e1cil de usar, profesional, m\u00f3vil y disponible en 28 idiomas. cuenta demo Rellene sus datos en este formulario para acceder a una","og_url":"https:\/\/hugoinvesting.com\/es\/landingspagina-demo-account\/","og_site_name":"Hugo Investing","article_publisher":"https:\/\/www.facebook.com\/hugoinvesting","article_modified_time":"2021-05-10T09:24:14+00:00","og_image":[{"width":518,"height":346,"url":"https:\/\/hugoinvesting.com\/wp-content\/uploads\/2022\/10\/StartADemo.jpg","type":"image\/jpeg"}],"twitter_card":"summary_large_image","twitter_misc":{"Tiempo de lectura":"1 minuto"},"schema":{"@context":"https:\/\/schema.org","@graph":[{"@type":"WebPage","@id":"https:\/\/hugoinvesting.com\/es\/landingspagina-demo-account\/","url":"https:\/\/hugoinvesting.com\/es\/landingspagina-demo-account\/","name":"LP Demo Account | Hugo Investing","isPartOf":{"@id":"https:\/\/hugoinvesting.com\/#website"},"datePublished":"2020-11-03T10:50:17+00:00","dateModified":"2021-05-10T09:24:14+00:00","description":"Pruebe una cuenta DEMOF\u00e1cil de usar, profesional, m\u00f3vil y disponible en 28 idiomas. cuenta demo Rellene sus datos en este formulario para acceder a una","breadcrumb":{"@id":"https:\/\/hugoinvesting.com\/es\/landingspagina-demo-account\/#breadcrumb"},"inLanguage":"es","potentialAction":[{"@type":"ReadAction","target":["https:\/\/hugoinvesting.com\/es\/landingspagina-demo-account\/"]}]},{"@type":"BreadcrumbList","@id":"https:\/\/hugoinvesting.com\/es\/landingspagina-demo-account\/#breadcrumb","itemListElement":[{"@type":"ListItem","position":1,"name":"Home","item":"https:\/\/hugoinvesting.com\/"},{"@type":"ListItem","position":2,"name":"LP Demo Account"}]},{"@type":"WebSite","@id":"https:\/\/hugoinvesting.com\/#website","url":"https:\/\/hugoinvesting.com\/","name":"Hugo Investing","description":"Taking Care of Trader and Investors. Hugo helps traders and investors become better investors. Hugo is a broker where you can buy all financial instruments. Hugo&#039;s clients have a Saxo Bank account and receive unlimited support from Hugo&#039;s team of real investors.","publisher":{"@id":"https:\/\/hugoinvesting.com\/#organization"},"potentialAction":[{"@type":"SearchAction","target":{"@type":"EntryPoint","urlTemplate":"https:\/\/hugoinvesting.com\/?s={search_term_string}"},"query-input":{"@type":"PropertyValueSpecification","valueRequired":true,"valueName":"search_term_string"}}],"inLanguage":"es"},{"@type":"Organization","@id":"https:\/\/hugoinvesting.com\/#organization","name":"Hugo Investing","url":"https:\/\/hugoinvesting.com\/","logo":{"@type":"ImageObject","inLanguage":"es","@id":"https:\/\/hugoinvesting.com\/#\/schema\/logo\/image\/","url":"https:\/\/hugoinvesting.com\/wp-content\/uploads\/2022\/01\/Logo-Hugo.jpg","contentUrl":"https:\/\/hugoinvesting.com\/wp-content\/uploads\/2022\/01\/Logo-Hugo.jpg","width":900,"height":900,"caption":"Hugo Investing"},"image":{"@id":"https:\/\/hugoinvesting.com\/#\/schema\/logo\/image\/"},"sameAs":["https:\/\/www.facebook.com\/hugoinvesting","https:\/\/www.instagram.com\/hugoinvesting\/","https:\/\/es.linkedin.com\/company\/hugoinvesting","https:\/\/www.youtube.com\/c\/HugoInvesting","https:\/\/www.facebook.com\/hugoinvestingnederlands","https:\/\/www.instagram.com\/hugoinvestingnederlands","https:\/\/www.youtube.com\/c\/hugoinvestingspanjeportugal"]}]}},"_links":{"self":[{"href":"https:\/\/hugoinvesting.com\/es\/wp-json\/wp\/v2\/pages\/34306","targetHints":{"allow":["GET"]}}],"collection":[{"href":"https:\/\/hugoinvesting.com\/es\/wp-json\/wp\/v2\/pages"}],"about":[{"href":"https:\/\/hugoinvesting.com\/es\/wp-json\/wp\/v2\/types\/page"}],"author":[{"embeddable":true,"href":"https:\/\/hugoinvesting.com\/es\/wp-json\/wp\/v2\/users\/3"}],"replies":[{"embeddable":true,"href":"https:\/\/hugoinvesting.com\/es\/wp-json\/wp\/v2\/comments?post=34306"}],"version-history":[{"count":3,"href":"https:\/\/hugoinvesting.com\/es\/wp-json\/wp\/v2\/pages\/34306\/revisions"}],"predecessor-version":[{"id":34309,"href":"https:\/\/hugoinvesting.com\/es\/wp-json\/wp\/v2\/pages\/34306\/revisions\/34309"}],"wp:attachment":[{"href":"https:\/\/hugoinvesting.com\/es\/wp-json\/wp\/v2\/media?parent=34306"}],"curies":[{"name":"wp","href":"https:\/\/api.w.org\/{rel}","templated":true}]}}