{"id":31688,"date":"2020-11-09T11:59:56","date_gmt":"2020-11-09T11:59:56","guid":{"rendered":"https:\/\/hugoinvesting.com\/privacy\/"},"modified":"2022-08-01T09:39:14","modified_gmt":"2022-08-01T09:39:14","slug":"privacidad","status":"publish","type":"page","link":"https:\/\/hugoinvesting.com\/es\/privacidad\/","title":{"rendered":"Privacidad"},"content":{"rendered":"\t\t<div data-elementor-type=\"wp-page\" data-elementor-id=\"31688\" class=\"elementor elementor-31688 elementor-26708\" data-elementor-post-type=\"page\">\n\t\t\t\t\t\t<section class=\"elementor-section elementor-top-section elementor-element elementor-element-770571c5 elementor-section-boxed elementor-section-height-default elementor-section-height-default\" data-id=\"770571c5\" data-element_type=\"section\" data-e-type=\"section\" data-settings=\"{&quot;background_background&quot;:&quot;classic&quot;}\">\n\t\t\t\t\t\t\t<div class=\"elementor-background-overlay\"><\/div>\n\t\t\t\t\t\t\t<div class=\"elementor-container elementor-column-gap-default\">\n\t\t\t\t\t<div class=\"elementor-column elementor-col-50 elementor-top-column elementor-element elementor-element-7a791d38\" data-id=\"7a791d38\" data-element_type=\"column\" data-e-type=\"column\">\n\t\t\t<div class=\"elementor-widget-wrap elementor-element-populated\">\n\t\t\t\t\t\t<div class=\"elementor-element elementor-element-709a5136 elementor-widget elementor-widget-heading\" data-id=\"709a5136\" data-element_type=\"widget\" data-e-type=\"widget\" data-widget_type=\"heading.default\">\n\t\t\t\t<div class=\"elementor-widget-container\">\n\t\t\t\t\t<h2 class=\"elementor-heading-title elementor-size-default\">Privacidad<\/h2>\t\t\t\t<\/div>\n\t\t\t\t<\/div>\n\t\t\t\t<div class=\"elementor-element elementor-element-4f0b5641 elementor-widget-divider--view-line elementor-widget elementor-widget-divider\" data-id=\"4f0b5641\" data-element_type=\"widget\" data-e-type=\"widget\" data-widget_type=\"divider.default\">\n\t\t\t\t<div class=\"elementor-widget-container\">\n\t\t\t\t\t\t\t<div class=\"elementor-divider\">\n\t\t\t<span class=\"elementor-divider-separator\">\n\t\t\t\t\t\t<\/span>\n\t\t<\/div>\n\t\t\t\t\t\t<\/div>\n\t\t\t\t<\/div>\n\t\t\t\t<div class=\"elementor-element elementor-element-58d41328 elementor-widget elementor-widget-text-editor\" data-id=\"58d41328\" data-element_type=\"widget\" data-e-type=\"widget\" data-widget_type=\"text-editor.default\">\n\t\t\t\t<div class=\"elementor-widget-container\">\n\t\t\t\t\t\t\t\t\t<p>Lea nuestra pol\u00edtica<\/p>\t\t\t\t\t\t\t\t<\/div>\n\t\t\t\t<\/div>\n\t\t\t\t\t<\/div>\n\t\t<\/div>\n\t\t\t\t<div class=\"elementor-column elementor-col-50 elementor-top-column elementor-element elementor-element-55c6ff9b\" data-id=\"55c6ff9b\" data-element_type=\"column\" data-e-type=\"column\">\n\t\t\t<div class=\"elementor-widget-wrap\">\n\t\t\t\t\t\t\t<\/div>\n\t\t<\/div>\n\t\t\t\t\t<\/div>\n\t\t<\/section>\n\t\t\t\t<section class=\"elementor-section elementor-top-section elementor-element elementor-element-13155a2c elementor-section-boxed elementor-section-height-default elementor-section-height-default\" data-id=\"13155a2c\" data-element_type=\"section\" data-e-type=\"section\">\n\t\t\t\t\t\t<div class=\"elementor-container elementor-column-gap-default\">\n\t\t\t\t\t<div class=\"elementor-column elementor-col-100 elementor-top-column elementor-element elementor-element-592a1a69\" data-id=\"592a1a69\" data-element_type=\"column\" data-e-type=\"column\">\n\t\t\t<div class=\"elementor-widget-wrap elementor-element-populated\">\n\t\t\t\t\t\t<div class=\"elementor-element elementor-element-dfd24e6 elementor-widget elementor-widget-spacer\" data-id=\"dfd24e6\" data-element_type=\"widget\" data-e-type=\"widget\" data-widget_type=\"spacer.default\">\n\t\t\t\t<div class=\"elementor-widget-container\">\n\t\t\t\t\t\t\t<div class=\"elementor-spacer\">\n\t\t\t<div class=\"elementor-spacer-inner\"><\/div>\n\t\t<\/div>\n\t\t\t\t\t\t<\/div>\n\t\t\t\t<\/div>\n\t\t\t\t<div class=\"elementor-element elementor-element-ce0a388 elementor-widget elementor-widget-text-editor\" data-id=\"ce0a388\" data-element_type=\"widget\" data-e-type=\"widget\" data-widget_type=\"text-editor.default\">\n\t\t\t\t<div class=\"elementor-widget-container\">\n\t\t\t\t\t\t\t\t\t<p><strong>\u00bfQu\u00e9 datos personales se procesan?<\/strong><br \/>Al rellenar los formularios de este sitio web tiene que proporcionar los siguientes datos personales para que podamos ponernos en contacto con usted: sexo, nombre, direcci\u00f3n de correo electr\u00f3nico y\/o n\u00famero de tel\u00e9fono. Los campos obligatorios est\u00e1n marcados con un asterisco (\u00ab*\u00bb).<\/p><p>Al inscribirse en uno de los servicios de Hugo Investing ofrecidos en plataformas de terceros (por ejemplo, seminarios web) sus datos se almacenar\u00e1n de acuerdo con la legislaci\u00f3n vigente y las declaraciones de privacidad de dichos terceros. Hugo Investing es el \u00fanico que tiene acceso a estos datos para poder ponerse en contacto con usted sobre el servicio que ha solicitado y poder ofrecerle servicios similares.<\/p><p>Hugo Investing no compartir\u00e1 estos datos con terceros, salvo en los casos en que la ley obligue a facilitarlos.<\/p><p>Al abrir una cuenta de Saxo Bank a trav\u00e9s de Hugo Investing, se le pide que proporcione m\u00e1s datos para que Saxo Bank pueda abrir la cuenta y cumplir con las obligaciones legales. Haga clic aqu\u00ed para leer la declaraci\u00f3n de privacidad de Saxo Bank.<\/p><p><strong>Finalidad del tratamiento de datos<\/strong><br \/>Hugo Investing trata los datos personales con el fin de ofrecer a los usuarios que hacen uso de la informaci\u00f3n, los productos y\/o los servicios proporcionados en el sitio web o a trav\u00e9s de \u00e9l la oportunidad de utilizarlo activamente, teniendo en cuenta las preferencias e intereses personales de los usuarios.<\/p><p>Los datos se procesan de forma adecuada y con el debido cuidado de acuerdo con la ley y no se procesan de forma incompatible con los fines para los que Hugo Investing los ha obtenido.<\/p><p><strong>Uso de cookies:<\/strong> \u00bfQu\u00e9 son las cookies?<br \/>Las cookies son peque\u00f1os archivos que se colocan en su ordenador o tel\u00e9fono m\u00f3vil y se utilizan principalmente para recordar las preferencias del usuario. En resumen, una cookie recuerda informaci\u00f3n como las p\u00e1ginas que ha visitado para ofrecerle una experiencia de usuario \u00f3ptima, contenidos relevantes y publicidad.<\/p><p><strong>\u00bfPor qu\u00e9 Hugo Investing utiliza cookies?<\/strong><br \/>Hugo Investing puede colocar cookies con los siguientes fines<br \/>&#8211; Para analizar el uso del Sitio Web<br \/>&#8211; Para mejorar el sitio web<\/p><p>Las cookies no pueden utilizarse para identificar a una persona individual. Las cookies no registran su nombre, direcci\u00f3n, edad o sexo. Puede eliminar f\u00e1cilmente las cookies en su navegador.<\/p><p>Este sitio web utiliza Google Analytics, un servicio de an\u00e1lisis web prestado por Google Inc. (\u00abGoogle\u00bb). Google Analytics utiliza cookies (archivos de texto ubicados en su ordenador) para ayudar al sitio web a analizar el uso que hacen los usuarios del mismo. La informaci\u00f3n generada por la cookie sobre su uso del sitio web (incluida su direcci\u00f3n IP) es transferida y almacenada por Google en servidores de Estados Unidos. Google utiliza esta informaci\u00f3n para supervisar el uso que usted hace del sitio web, para preparar informes sobre la actividad del sitio web para los operadores del mismo y para ofrecer otros servicios relacionados con la actividad del sitio web y el uso de Internet. Google puede proporcionar esta informaci\u00f3n a terceros si Google est\u00e1 obligado a hacerlo por ley, o en la medida en que estos terceros procesen la informaci\u00f3n en nombre de Google. Google no combinar\u00e1 su direcci\u00f3n IP con otros datos en posesi\u00f3n de Google. Puede optar por rechazar el uso de cookies seleccionando la configuraci\u00f3n adecuada en su navegador. No obstante, le informamos de que si lo hace, es posible que no pueda utilizar todas las funciones del sitio web. Al utilizar este sitio web, usted autoriza el tratamiento de la informaci\u00f3n por parte de Google en la forma y para los fines descritos anteriormente.<\/p><p><strong>\u00bfSe pueden bloquear las cookies?<\/strong><br \/>Si prefiere que Hugo Investing no coloque cookies en su ordenador, puede utilizar la configuraci\u00f3n de privacidad de su navegador para bloquear las cookies de determinados sitios web o todas las cookies de todos los sitios web que visite. El m\u00e9todo var\u00eda en funci\u00f3n de su navegador; si es necesario, consulte la funci\u00f3n de ayuda de su navegador.<\/p><p>Para saber m\u00e1s sobre las cookies y c\u00f3mo gestionarlas, visite aboutcookies.org<\/p><p><strong>Nota<\/strong>: si bloquea las cookies, no siempre podr\u00e1 utilizar todas las funciones de un sitio web. Adem\u00e1s, el bloqueo de las cookies s\u00f3lo afecta al ordenador y al navegador en el que realiza este ajuste. Si utiliza varios ordenadores y\/o navegadores, tendr\u00e1 que realizar este ajuste tantas veces como sea necesario.<\/p><p><b>Perfilado<\/b><br \/>Hugo Investing supervisa qu\u00e9 temas o aplicaciones son de inter\u00e9s para los usuarios, entre otros medios, revisando los temas del sitio web que se visitan con m\u00e1s frecuencia. Estos datos se procesan de forma agregada y an\u00f3nima para su uso por parte de Hugo Investing. La mejor manera de compararlos es con las cifras de audiencia de la televisi\u00f3n y la radio. Otro ejemplo ser\u00edan los datos de investigaci\u00f3n comparativa, como \u00ablos usuarios que leen art\u00edculos sobre gesti\u00f3n de activos suelen estar tambi\u00e9n interesados en informaci\u00f3n sobre precios\u00bb. Sobre la base de estos datos se formulan determinados perfiles que permiten a Hugo Investing establecer qu\u00e9 temas del sitio web son los m\u00e1s interesantes para los usuarios y qu\u00e9 grupos de usuarios consultan el sitio web con mayor frecuencia, lo que permite a Hugo Investing mejorar y ampliar el sitio web y dise\u00f1ar de forma m\u00e1s eficaz el sitio web para satisfacer los intereses de los usuarios. Dado que los datos utilizados para este fin se procesan de forma an\u00f3nima, no se utilizan datos personales. Por lo tanto, su privacidad est\u00e1 protegida.<\/p><p><b>Medidas de seguridad relativas a los datos personales<\/b><br \/>Hugo Investing garantiza que existen medidas t\u00e9cnicas y organizativas adecuadas para proteger los datos personales contra la p\u00e9rdida o cualquier forma de tratamiento il\u00edcito.<\/p><p><b>Sus derechos en relaci\u00f3n con sus datos <\/b><br \/>Los usuarios tienen derecho a solicitar informaci\u00f3n con respecto a sus datos personales tratados por nosotros y pueden posteriormente<br \/>&#8211; Ampliar estos datos;<br \/>&#8211; Mejorar estos datos;<br \/>&#8211; Hacer que se eliminen estos datos;<br \/>&#8211; Hacer que se protejan estos datos.<\/p><p>si los datos son materialmente incorrectos, incompletos para el prop\u00f3sito o los prop\u00f3sitos del procesamiento, no son relevantes o son procesados de otra manera en conflicto con una disposici\u00f3n legal.<\/p><p>Hugo Investing se esfuerza por mantener sus datos personales correctos y actualizados. Si hay cambios en su informaci\u00f3n personal, le rogamos que informe a Hugo Investing por escrito. Si ya no est\u00e1 interesado en nuestras ofertas, tambi\u00e9n puede notificarlo a Hugo Investing por escrito.<\/p><p><b>\u00bfC\u00f3mo puede ejercer estos derechos?<\/b><br \/>Si desea ejercer estos derechos o tiene otras preguntas sobre nuestra pol\u00edtica de privacidad, puede enviar un correo electr\u00f3nico a Hugo Investing. Nuestra direcci\u00f3n de correo electr\u00f3nico es info@hugoinvesting.com<\/p><p>Hugo Investing se reserva el derecho a modificar esta declaraci\u00f3n de privacidad. Los cambios se publicar\u00e1n en este sitio web.<\/p><div class=\"page\" title=\"Page 3\"><div class=\"layoutArea\"><div class=\"column\"><p><strong>Poli\u0301tica del Canal de Denuncias<\/strong><\/p><\/div><\/div><\/div><p>Hugo Broker Agencia de Valores SL. cuenta con una pol\u00edtica de denuncia de irregularidades; por favor, haga <a href=\"https:\/\/hugoinvesting.com\/wp-content\/uploads\/2022\/08\/Politica-de-canal-de-denuncias.pdf\">clic aqu\u00ed<\/a> para obtener m\u00e1s detalles.<\/p>\t\t\t\t\t\t\t\t<\/div>\n\t\t\t\t<\/div>\n\t\t\t\t\t<\/div>\n\t\t<\/div>\n\t\t\t\t\t<\/div>\n\t\t<\/section>\n\t\t\t\t<\/div>\n\t\t","protected":false},"excerpt":{"rendered":"<p>Privacidad Lea nuestra pol\u00edtica \u00bfQu\u00e9 datos personales se procesan?Al rellenar los formularios de este sitio web tiene que proporcionar los siguientes datos personales para que podamos ponernos en contacto con usted: sexo, nombre, direcci\u00f3n de correo electr\u00f3nico y\/o n\u00famero de tel\u00e9fono. Los campos obligatorios est\u00e1n marcados con un asterisco (\u00ab*\u00bb). Al inscribirse en uno de [&hellip;]<\/p>\n","protected":false},"author":3,"featured_media":0,"parent":0,"menu_order":0,"comment_status":"closed","ping_status":"closed","template":"","meta":{"site-sidebar-layout":"no-sidebar","site-content-layout":"page-builder","ast-site-content-layout":"default","site-content-style":"default","site-sidebar-style":"default","ast-global-header-display":"","ast-banner-title-visibility":"","ast-main-header-display":"","ast-hfb-above-header-display":"","ast-hfb-below-header-display":"","ast-hfb-mobile-header-display":"","site-post-title":"disabled","ast-breadcrumbs-content":"","ast-featured-img":"disabled","footer-sml-layout":"","ast-disable-related-posts":"","theme-transparent-header-meta":"default","adv-header-id-meta":"","stick-header-meta":"default","header-above-stick-meta":"","header-main-stick-meta":"","header-below-stick-meta":"","astra-migrate-meta-layouts":"default","ast-page-background-enabled":"default","ast-page-background-meta":{"desktop":{"background-color":"","background-image":"","background-repeat":"repeat","background-position":"center center","background-size":"auto","background-attachment":"scroll","background-type":"","background-media":"","overlay-type":"","overlay-color":"","overlay-opacity":"","overlay-gradient":""},"tablet":{"background-color":"","background-image":"","background-repeat":"repeat","background-position":"center center","background-size":"auto","background-attachment":"scroll","background-type":"","background-media":"","overlay-type":"","overlay-color":"","overlay-opacity":"","overlay-gradient":""},"mobile":{"background-color":"","background-image":"","background-repeat":"repeat","background-position":"center center","background-size":"auto","background-attachment":"scroll","background-type":"","background-media":"","overlay-type":"","overlay-color":"","overlay-opacity":"","overlay-gradient":""}},"ast-content-background-meta":{"desktop":{"background-color":"var(--ast-global-color-5)","background-image":"","background-repeat":"repeat","background-position":"center center","background-size":"auto","background-attachment":"scroll","background-type":"","background-media":"","overlay-type":"","overlay-color":"","overlay-opacity":"","overlay-gradient":""},"tablet":{"background-color":"var(--ast-global-color-5)","background-image":"","background-repeat":"repeat","background-position":"center center","background-size":"auto","background-attachment":"scroll","background-type":"","background-media":"","overlay-type":"","overlay-color":"","overlay-opacity":"","overlay-gradient":""},"mobile":{"background-color":"var(--ast-global-color-5)","background-image":"","background-repeat":"repeat","background-position":"center center","background-size":"auto","background-attachment":"scroll","background-type":"","background-media":"","overlay-type":"","overlay-color":"","overlay-opacity":"","overlay-gradient":""}},"_joinchat":[],"footnotes":""},"class_list":["post-31688","page","type-page","status-publish","hentry"],"yoast_head":"<!-- This site is optimized with the Yoast SEO plugin v26.8 - https:\/\/yoast.com\/product\/yoast-seo-wordpress\/ -->\n<title>Privacidad | Hugo Investing<\/title>\n<meta name=\"description\" content=\"Privacidad Lea nuestra pol\u00edtica \u00bfQu\u00e9 datos personales se procesan?Al rellenar los formularios de este sitio web tiene que proporcionar los siguientes\" \/>\n<meta name=\"robots\" content=\"index, follow, max-snippet:-1, max-image-preview:large, max-video-preview:-1\" \/>\n<link rel=\"canonical\" href=\"https:\/\/hugoinvesting.com\/privacy\/\" \/>\n<meta property=\"og:locale\" content=\"es_ES\" \/>\n<meta property=\"og:type\" content=\"article\" \/>\n<meta property=\"og:title\" content=\"Privacidad | Hugo Investing\" \/>\n<meta property=\"og:description\" content=\"Privacidad Lea nuestra pol\u00edtica \u00bfQu\u00e9 datos personales se procesan?Al rellenar los formularios de este sitio web tiene que proporcionar los siguientes\" \/>\n<meta property=\"og:url\" content=\"https:\/\/hugoinvesting.com\/privacy\/\" \/>\n<meta property=\"og:site_name\" content=\"Hugo Investing\" \/>\n<meta property=\"article:publisher\" content=\"https:\/\/www.facebook.com\/hugoinvesting\" \/>\n<meta property=\"article:modified_time\" content=\"2022-08-01T09:39:14+00:00\" \/>\n<meta property=\"og:image\" content=\"https:\/\/hugoinvesting.com\/wp-content\/uploads\/2022\/10\/StartADemo.jpg\" \/>\n\t<meta property=\"og:image:width\" content=\"518\" \/>\n\t<meta property=\"og:image:height\" content=\"346\" \/>\n\t<meta property=\"og:image:type\" content=\"image\/jpeg\" \/>\n<meta name=\"twitter:card\" content=\"summary_large_image\" \/>\n<meta name=\"twitter:label1\" content=\"Tiempo de lectura\" \/>\n\t<meta name=\"twitter:data1\" content=\"6 minutos\" \/>\n<script type=\"application\/ld+json\" class=\"yoast-schema-graph\">{\"@context\":\"https:\/\/schema.org\",\"@graph\":[{\"@type\":\"WebPage\",\"@id\":\"https:\/\/hugoinvesting.com\/privacy\/\",\"url\":\"https:\/\/hugoinvesting.com\/privacy\/\",\"name\":\"Privacidad | Hugo Investing\",\"isPartOf\":{\"@id\":\"https:\/\/hugoinvesting.com\/#website\"},\"datePublished\":\"2020-11-09T11:59:56+00:00\",\"dateModified\":\"2022-08-01T09:39:14+00:00\",\"description\":\"Privacidad Lea nuestra pol\u00edtica \u00bfQu\u00e9 datos personales se procesan?Al rellenar los formularios de este sitio web tiene que proporcionar los siguientes\",\"breadcrumb\":{\"@id\":\"https:\/\/hugoinvesting.com\/privacy\/#breadcrumb\"},\"inLanguage\":\"es\",\"potentialAction\":[{\"@type\":\"ReadAction\",\"target\":[\"https:\/\/hugoinvesting.com\/privacy\/\"]}]},{\"@type\":\"BreadcrumbList\",\"@id\":\"https:\/\/hugoinvesting.com\/privacy\/#breadcrumb\",\"itemListElement\":[{\"@type\":\"ListItem\",\"position\":1,\"name\":\"Home\",\"item\":\"https:\/\/hugoinvesting.com\/\"},{\"@type\":\"ListItem\",\"position\":2,\"name\":\"Privacidad\"}]},{\"@type\":\"WebSite\",\"@id\":\"https:\/\/hugoinvesting.com\/#website\",\"url\":\"https:\/\/hugoinvesting.com\/\",\"name\":\"Hugo Investing\",\"description\":\"Taking Care of Trader and Investors. Hugo helps traders and investors become better investors. Hugo is a broker where you can buy all financial instruments. Hugo&#039;s clients have a Saxo Bank account and receive unlimited support from Hugo&#039;s team of real investors.\",\"publisher\":{\"@id\":\"https:\/\/hugoinvesting.com\/#organization\"},\"potentialAction\":[{\"@type\":\"SearchAction\",\"target\":{\"@type\":\"EntryPoint\",\"urlTemplate\":\"https:\/\/hugoinvesting.com\/?s={search_term_string}\"},\"query-input\":{\"@type\":\"PropertyValueSpecification\",\"valueRequired\":true,\"valueName\":\"search_term_string\"}}],\"inLanguage\":\"es\"},{\"@type\":\"Organization\",\"@id\":\"https:\/\/hugoinvesting.com\/#organization\",\"name\":\"Hugo Investing\",\"url\":\"https:\/\/hugoinvesting.com\/\",\"logo\":{\"@type\":\"ImageObject\",\"inLanguage\":\"es\",\"@id\":\"https:\/\/hugoinvesting.com\/#\/schema\/logo\/image\/\",\"url\":\"https:\/\/hugoinvesting.com\/wp-content\/uploads\/2022\/01\/Logo-Hugo.jpg\",\"contentUrl\":\"https:\/\/hugoinvesting.com\/wp-content\/uploads\/2022\/01\/Logo-Hugo.jpg\",\"width\":900,\"height\":900,\"caption\":\"Hugo Investing\"},\"image\":{\"@id\":\"https:\/\/hugoinvesting.com\/#\/schema\/logo\/image\/\"},\"sameAs\":[\"https:\/\/www.facebook.com\/hugoinvesting\",\"https:\/\/www.instagram.com\/hugoinvesting\/\",\"https:\/\/es.linkedin.com\/company\/hugoinvesting\",\"https:\/\/www.youtube.com\/c\/HugoInvesting\",\"https:\/\/www.facebook.com\/hugoinvestingnederlands\",\"https:\/\/www.instagram.com\/hugoinvestingnederlands\",\"https:\/\/www.youtube.com\/c\/hugoinvestingspanjeportugal\"]}]}<\/script>\n<!-- \/ Yoast SEO plugin. -->","yoast_head_json":{"title":"Privacidad | Hugo Investing","description":"Privacidad Lea nuestra pol\u00edtica \u00bfQu\u00e9 datos personales se procesan?Al rellenar los formularios de este sitio web tiene que proporcionar los siguientes","robots":{"index":"index","follow":"follow","max-snippet":"max-snippet:-1","max-image-preview":"max-image-preview:large","max-video-preview":"max-video-preview:-1"},"canonical":"https:\/\/hugoinvesting.com\/privacy\/","og_locale":"es_ES","og_type":"article","og_title":"Privacidad | Hugo Investing","og_description":"Privacidad Lea nuestra pol\u00edtica \u00bfQu\u00e9 datos personales se procesan?Al rellenar los formularios de este sitio web tiene que proporcionar los siguientes","og_url":"https:\/\/hugoinvesting.com\/privacy\/","og_site_name":"Hugo Investing","article_publisher":"https:\/\/www.facebook.com\/hugoinvesting","article_modified_time":"2022-08-01T09:39:14+00:00","og_image":[{"width":518,"height":346,"url":"https:\/\/hugoinvesting.com\/wp-content\/uploads\/2022\/10\/StartADemo.jpg","type":"image\/jpeg"}],"twitter_card":"summary_large_image","twitter_misc":{"Tiempo de lectura":"6 minutos"},"schema":{"@context":"https:\/\/schema.org","@graph":[{"@type":"WebPage","@id":"https:\/\/hugoinvesting.com\/privacy\/","url":"https:\/\/hugoinvesting.com\/privacy\/","name":"Privacidad | Hugo Investing","isPartOf":{"@id":"https:\/\/hugoinvesting.com\/#website"},"datePublished":"2020-11-09T11:59:56+00:00","dateModified":"2022-08-01T09:39:14+00:00","description":"Privacidad Lea nuestra pol\u00edtica \u00bfQu\u00e9 datos personales se procesan?Al rellenar los formularios de este sitio web tiene que proporcionar los siguientes","breadcrumb":{"@id":"https:\/\/hugoinvesting.com\/privacy\/#breadcrumb"},"inLanguage":"es","potentialAction":[{"@type":"ReadAction","target":["https:\/\/hugoinvesting.com\/privacy\/"]}]},{"@type":"BreadcrumbList","@id":"https:\/\/hugoinvesting.com\/privacy\/#breadcrumb","itemListElement":[{"@type":"ListItem","position":1,"name":"Home","item":"https:\/\/hugoinvesting.com\/"},{"@type":"ListItem","position":2,"name":"Privacidad"}]},{"@type":"WebSite","@id":"https:\/\/hugoinvesting.com\/#website","url":"https:\/\/hugoinvesting.com\/","name":"Hugo Investing","description":"Taking Care of Trader and Investors. Hugo helps traders and investors become better investors. Hugo is a broker where you can buy all financial instruments. Hugo&#039;s clients have a Saxo Bank account and receive unlimited support from Hugo&#039;s team of real investors.","publisher":{"@id":"https:\/\/hugoinvesting.com\/#organization"},"potentialAction":[{"@type":"SearchAction","target":{"@type":"EntryPoint","urlTemplate":"https:\/\/hugoinvesting.com\/?s={search_term_string}"},"query-input":{"@type":"PropertyValueSpecification","valueRequired":true,"valueName":"search_term_string"}}],"inLanguage":"es"},{"@type":"Organization","@id":"https:\/\/hugoinvesting.com\/#organization","name":"Hugo Investing","url":"https:\/\/hugoinvesting.com\/","logo":{"@type":"ImageObject","inLanguage":"es","@id":"https:\/\/hugoinvesting.com\/#\/schema\/logo\/image\/","url":"https:\/\/hugoinvesting.com\/wp-content\/uploads\/2022\/01\/Logo-Hugo.jpg","contentUrl":"https:\/\/hugoinvesting.com\/wp-content\/uploads\/2022\/01\/Logo-Hugo.jpg","width":900,"height":900,"caption":"Hugo Investing"},"image":{"@id":"https:\/\/hugoinvesting.com\/#\/schema\/logo\/image\/"},"sameAs":["https:\/\/www.facebook.com\/hugoinvesting","https:\/\/www.instagram.com\/hugoinvesting\/","https:\/\/es.linkedin.com\/company\/hugoinvesting","https:\/\/www.youtube.com\/c\/HugoInvesting","https:\/\/www.facebook.com\/hugoinvestingnederlands","https:\/\/www.instagram.com\/hugoinvestingnederlands","https:\/\/www.youtube.com\/c\/hugoinvestingspanjeportugal"]}]}},"_links":{"self":[{"href":"https:\/\/hugoinvesting.com\/es\/wp-json\/wp\/v2\/pages\/31688","targetHints":{"allow":["GET"]}}],"collection":[{"href":"https:\/\/hugoinvesting.com\/es\/wp-json\/wp\/v2\/pages"}],"about":[{"href":"https:\/\/hugoinvesting.com\/es\/wp-json\/wp\/v2\/types\/page"}],"author":[{"embeddable":true,"href":"https:\/\/hugoinvesting.com\/es\/wp-json\/wp\/v2\/users\/3"}],"replies":[{"embeddable":true,"href":"https:\/\/hugoinvesting.com\/es\/wp-json\/wp\/v2\/comments?post=31688"}],"version-history":[{"count":11,"href":"https:\/\/hugoinvesting.com\/es\/wp-json\/wp\/v2\/pages\/31688\/revisions"}],"predecessor-version":[{"id":37961,"href":"https:\/\/hugoinvesting.com\/es\/wp-json\/wp\/v2\/pages\/31688\/revisions\/37961"}],"wp:attachment":[{"href":"https:\/\/hugoinvesting.com\/es\/wp-json\/wp\/v2\/media?parent=31688"}],"curies":[{"name":"wp","href":"https:\/\/api.w.org\/{rel}","templated":true}]}}