{"id":31476,"date":"2020-11-09T11:45:14","date_gmt":"2020-11-09T11:45:14","guid":{"rendered":"https:\/\/hugoinvesting.com\/disclaimer\/"},"modified":"2023-03-03T11:44:12","modified_gmt":"2023-03-03T11:44:12","slug":"aviso-legal","status":"publish","type":"page","link":"https:\/\/hugoinvesting.com\/es\/aviso-legal\/","title":{"rendered":"Aviso legal"},"content":{"rendered":"\t\t<div data-elementor-type=\"wp-page\" data-elementor-id=\"31476\" class=\"elementor elementor-31476 elementor-26671\" data-elementor-post-type=\"page\">\n\t\t\t\t\t\t<section class=\"elementor-section elementor-top-section elementor-element elementor-element-5db5ab53 elementor-section-boxed elementor-section-height-default elementor-section-height-default\" data-id=\"5db5ab53\" data-element_type=\"section\" data-e-type=\"section\" data-settings=\"{&quot;background_background&quot;:&quot;classic&quot;}\">\n\t\t\t\t\t\t\t<div class=\"elementor-background-overlay\"><\/div>\n\t\t\t\t\t\t\t<div class=\"elementor-container elementor-column-gap-default\">\n\t\t\t\t\t<div class=\"elementor-column elementor-col-50 elementor-top-column elementor-element elementor-element-2b4fb834\" data-id=\"2b4fb834\" data-element_type=\"column\" data-e-type=\"column\">\n\t\t\t<div class=\"elementor-widget-wrap elementor-element-populated\">\n\t\t\t\t\t\t<div class=\"elementor-element elementor-element-2ba56d1b elementor-widget elementor-widget-heading\" data-id=\"2ba56d1b\" data-element_type=\"widget\" data-e-type=\"widget\" data-widget_type=\"heading.default\">\n\t\t\t\t<div class=\"elementor-widget-container\">\n\t\t\t\t\t<h2 class=\"elementor-heading-title elementor-size-default\">Aviso Legal<\/h2>\t\t\t\t<\/div>\n\t\t\t\t<\/div>\n\t\t\t\t<div class=\"elementor-element elementor-element-b2036ef elementor-widget-divider--view-line elementor-widget elementor-widget-divider\" data-id=\"b2036ef\" data-element_type=\"widget\" data-e-type=\"widget\" data-widget_type=\"divider.default\">\n\t\t\t\t<div class=\"elementor-widget-container\">\n\t\t\t\t\t\t\t<div class=\"elementor-divider\">\n\t\t\t<span class=\"elementor-divider-separator\">\n\t\t\t\t\t\t<\/span>\n\t\t<\/div>\n\t\t\t\t\t\t<\/div>\n\t\t\t\t<\/div>\n\t\t\t\t<div class=\"elementor-element elementor-element-217ee07 elementor-widget elementor-widget-text-editor\" data-id=\"217ee07\" data-element_type=\"widget\" data-e-type=\"widget\" data-widget_type=\"text-editor.default\">\n\t\t\t\t<div class=\"elementor-widget-container\">\n\t\t\t\t\t\t\t\t\t<p>Lea nuestra pol\u00edtica<\/p>\t\t\t\t\t\t\t\t<\/div>\n\t\t\t\t<\/div>\n\t\t\t\t\t<\/div>\n\t\t<\/div>\n\t\t\t\t<div class=\"elementor-column elementor-col-50 elementor-top-column elementor-element elementor-element-74b7840e\" data-id=\"74b7840e\" data-element_type=\"column\" data-e-type=\"column\">\n\t\t\t<div class=\"elementor-widget-wrap\">\n\t\t\t\t\t\t\t<\/div>\n\t\t<\/div>\n\t\t\t\t\t<\/div>\n\t\t<\/section>\n\t\t\t\t<section class=\"elementor-section elementor-top-section elementor-element elementor-element-0c6f9a0 elementor-section-boxed elementor-section-height-default elementor-section-height-default\" data-id=\"0c6f9a0\" data-element_type=\"section\" data-e-type=\"section\">\n\t\t\t\t\t\t<div class=\"elementor-container elementor-column-gap-default\">\n\t\t\t\t\t<div class=\"elementor-column elementor-col-100 elementor-top-column elementor-element elementor-element-ea909a8\" data-id=\"ea909a8\" data-element_type=\"column\" data-e-type=\"column\">\n\t\t\t<div class=\"elementor-widget-wrap elementor-element-populated\">\n\t\t\t\t\t\t<div class=\"elementor-element elementor-element-4f36d15 elementor-widget elementor-widget-text-editor\" data-id=\"4f36d15\" data-element_type=\"widget\" data-e-type=\"widget\" data-widget_type=\"text-editor.default\">\n\t\t\t\t<div class=\"elementor-widget-container\">\n\t\t\t\t\t\t\t\t\t<p>Hugo Investing es el editor y redactor de este sitio web.<\/p><p>Al utilizar el Sitio Web, el Usuario acepta las siguientes condiciones.<\/p><ol><li>La informaci\u00f3n contenida en este sitio web (en adelante, el \u00absitio web\u00bb) ha sido recopilada por Hugo Broker (una Sociedad An\u00f3nima constituida de conformidad con la legislaci\u00f3n espa\u00f1ola, con domicilio social en Marbella).<\/li><li>Las tarifas, opiniones, noticias, datos y dem\u00e1s informaci\u00f3n contenida en este sitio web (en adelante, la \u00abInformaci\u00f3n\u00bb) est\u00e1n sujetas a cambios constantes y proceden en parte de terceros. Hugo Investing pone el m\u00e1ximo cuidado en la recopilaci\u00f3n de la Informaci\u00f3n pero no garantiza que la Informaci\u00f3n sea completa y\/o exacta. Adem\u00e1s, Hugo Investing no acepta responsabilidad alguna por las p\u00e9rdidas directas o indirectas derivadas del uso de la Informaci\u00f3n, excepto en el caso de mala conducta intencionada o negligencia grave por parte de Hugo Investing.<\/li><li>Hugo Investing Adem\u00e1s, no se hace responsable de los actos u ofertas de dichos terceros.<\/li><li>La informaci\u00f3n contenida en este sitio web no representa ninguna oferta o invitaci\u00f3n de Hugo Investing al visitante de este sitio web para invertir en instrumentos financieros de cualquier manera o para hacer uso de los servicios de Hugo Investing. Hugo Investing recuerda a los visitantes de este sitio web que Internet no siempre es un servicio totalmente fiable para la transmisi\u00f3n y el acceso a la Informaci\u00f3n y que pueden producirse interrupciones, retrasos y errores en cualquier momento. Hugo Investing no acepta ninguna responsabilidad por las p\u00e9rdidas directas o indirectas relacionadas con la imposibilidad (temporal) de acceder o utilizar este sitio web o por cualquier retraso o error en el env\u00edo o la recepci\u00f3n de mensajes, incluyendo anuncios e instrucciones, a trav\u00e9s de este sitio web.<\/li><li>Los derechos de este sitio web y la informaci\u00f3n pertenecen a Hugo Investing o a sus proveedores y est\u00e1n protegidos por derechos de autor y otros derechos de propiedad intelectual. Excepto para uso personal y no comercial, la Informaci\u00f3n y\/o otras partes de este sitio web no pueden ser reproducidas, almacenadas en un sistema de recuperaci\u00f3n, o transmitidas en cualquier forma o por cualquier medio, ya sea electr\u00f3nico, mec\u00e1nico, de fotocopia, de grabaci\u00f3n o de otro tipo, sin el permiso previo por escrito de Hugo Investing. En particular, se proh\u00edbe expresamente la publicaci\u00f3n de la Informaci\u00f3n, en su totalidad o en parte, en grupos de noticias, listas de correo, tablones de anuncios electr\u00f3nicos, chats o foros de debate comparables por parte del visitante sin el permiso previo por escrito de Hugo Investing<br \/><br \/><\/li><\/ol><p>Para obtener informaci\u00f3n sobre la protecci\u00f3n y el tratamiento de los datos personales, consulte la Declaraci\u00f3n de Privacidad de Hugo Investing.<\/p><p>Estas condiciones de uso se rigen por la legislaci\u00f3n espa\u00f1ola. Todas las disputas que surjan o est\u00e9n relacionadas con estas condiciones de uso, el sitio web y\/o la Informaci\u00f3n se someter\u00e1n a los tribunales competentes en Espa\u00f1a.<\/p>\t\t\t\t\t\t\t\t<\/div>\n\t\t\t\t<\/div>\n\t\t\t\t\t<\/div>\n\t\t<\/div>\n\t\t\t\t\t<\/div>\n\t\t<\/section>\n\t\t\t\t<\/div>\n\t\t","protected":false},"excerpt":{"rendered":"<p>Aviso Legal Lea nuestra pol\u00edtica Hugo Investing es el editor y redactor de este sitio web. Al utilizar el Sitio Web, el Usuario acepta las siguientes condiciones. La informaci\u00f3n contenida en este sitio web (en adelante, el \u00absitio web\u00bb) ha sido recopilada por Hugo Broker (una Sociedad An\u00f3nima constituida de conformidad con la legislaci\u00f3n espa\u00f1ola, [&hellip;]<\/p>\n","protected":false},"author":3,"featured_media":0,"parent":0,"menu_order":0,"comment_status":"closed","ping_status":"closed","template":"","meta":{"site-sidebar-layout":"no-sidebar","site-content-layout":"page-builder","ast-site-content-layout":"default","site-content-style":"default","site-sidebar-style":"default","ast-global-header-display":"","ast-banner-title-visibility":"","ast-main-header-display":"","ast-hfb-above-header-display":"","ast-hfb-below-header-display":"","ast-hfb-mobile-header-display":"","site-post-title":"disabled","ast-breadcrumbs-content":"","ast-featured-img":"disabled","footer-sml-layout":"","ast-disable-related-posts":"","theme-transparent-header-meta":"default","adv-header-id-meta":"","stick-header-meta":"default","header-above-stick-meta":"","header-main-stick-meta":"","header-below-stick-meta":"","astra-migrate-meta-layouts":"default","ast-page-background-enabled":"default","ast-page-background-meta":{"desktop":{"background-color":"","background-image":"","background-repeat":"repeat","background-position":"center center","background-size":"auto","background-attachment":"scroll","background-type":"","background-media":"","overlay-type":"","overlay-color":"","overlay-opacity":"","overlay-gradient":""},"tablet":{"background-color":"","background-image":"","background-repeat":"repeat","background-position":"center center","background-size":"auto","background-attachment":"scroll","background-type":"","background-media":"","overlay-type":"","overlay-color":"","overlay-opacity":"","overlay-gradient":""},"mobile":{"background-color":"","background-image":"","background-repeat":"repeat","background-position":"center center","background-size":"auto","background-attachment":"scroll","background-type":"","background-media":"","overlay-type":"","overlay-color":"","overlay-opacity":"","overlay-gradient":""}},"ast-content-background-meta":{"desktop":{"background-color":"var(--ast-global-color-5)","background-image":"","background-repeat":"repeat","background-position":"center center","background-size":"auto","background-attachment":"scroll","background-type":"","background-media":"","overlay-type":"","overlay-color":"","overlay-opacity":"","overlay-gradient":""},"tablet":{"background-color":"var(--ast-global-color-5)","background-image":"","background-repeat":"repeat","background-position":"center center","background-size":"auto","background-attachment":"scroll","background-type":"","background-media":"","overlay-type":"","overlay-color":"","overlay-opacity":"","overlay-gradient":""},"mobile":{"background-color":"var(--ast-global-color-5)","background-image":"","background-repeat":"repeat","background-position":"center center","background-size":"auto","background-attachment":"scroll","background-type":"","background-media":"","overlay-type":"","overlay-color":"","overlay-opacity":"","overlay-gradient":""}},"_joinchat":[],"footnotes":""},"class_list":["post-31476","page","type-page","status-publish","hentry"],"yoast_head":"<!-- This site is optimized with the Yoast SEO plugin v26.8 - https:\/\/yoast.com\/product\/yoast-seo-wordpress\/ -->\n<title>Aviso legal | Hugo Investing<\/title>\n<meta name=\"description\" content=\"Aviso Legal Lea nuestra pol\u00edticaHugo Investing es el editor y redactor de este sitio web.Al utilizar el Sitio Web, el Usuario acepta las siguientes\" \/>\n<meta name=\"robots\" content=\"index, follow, max-snippet:-1, max-image-preview:large, max-video-preview:-1\" \/>\n<link rel=\"canonical\" href=\"https:\/\/hugoinvesting.com\/disclaimer\/\" \/>\n<meta property=\"og:locale\" content=\"es_ES\" \/>\n<meta property=\"og:type\" content=\"article\" \/>\n<meta property=\"og:title\" content=\"Aviso legal | Hugo Investing\" \/>\n<meta property=\"og:description\" content=\"Aviso Legal Lea nuestra pol\u00edticaHugo Investing es el editor y redactor de este sitio web.Al utilizar el Sitio Web, el Usuario acepta las siguientes\" \/>\n<meta property=\"og:url\" content=\"https:\/\/hugoinvesting.com\/disclaimer\/\" \/>\n<meta property=\"og:site_name\" content=\"Hugo Investing\" \/>\n<meta property=\"article:publisher\" content=\"https:\/\/www.facebook.com\/hugoinvesting\" \/>\n<meta property=\"article:modified_time\" content=\"2023-03-03T11:44:12+00:00\" \/>\n<meta property=\"og:image\" content=\"https:\/\/hugoinvesting.com\/wp-content\/uploads\/2022\/10\/StartADemo.jpg\" \/>\n\t<meta property=\"og:image:width\" content=\"518\" \/>\n\t<meta property=\"og:image:height\" content=\"346\" \/>\n\t<meta property=\"og:image:type\" content=\"image\/jpeg\" \/>\n<meta name=\"twitter:card\" content=\"summary_large_image\" \/>\n<meta name=\"twitter:label1\" content=\"Tiempo de lectura\" \/>\n\t<meta name=\"twitter:data1\" content=\"3 minutos\" \/>\n<script type=\"application\/ld+json\" class=\"yoast-schema-graph\">{\"@context\":\"https:\/\/schema.org\",\"@graph\":[{\"@type\":\"WebPage\",\"@id\":\"https:\/\/hugoinvesting.com\/disclaimer\/\",\"url\":\"https:\/\/hugoinvesting.com\/disclaimer\/\",\"name\":\"Aviso legal | Hugo Investing\",\"isPartOf\":{\"@id\":\"https:\/\/hugoinvesting.com\/#website\"},\"datePublished\":\"2020-11-09T11:45:14+00:00\",\"dateModified\":\"2023-03-03T11:44:12+00:00\",\"description\":\"Aviso Legal Lea nuestra pol\u00edticaHugo Investing es el editor y redactor de este sitio web.Al utilizar el Sitio Web, el Usuario acepta las siguientes\",\"breadcrumb\":{\"@id\":\"https:\/\/hugoinvesting.com\/disclaimer\/#breadcrumb\"},\"inLanguage\":\"es\",\"potentialAction\":[{\"@type\":\"ReadAction\",\"target\":[\"https:\/\/hugoinvesting.com\/disclaimer\/\"]}]},{\"@type\":\"BreadcrumbList\",\"@id\":\"https:\/\/hugoinvesting.com\/disclaimer\/#breadcrumb\",\"itemListElement\":[{\"@type\":\"ListItem\",\"position\":1,\"name\":\"Home\",\"item\":\"https:\/\/hugoinvesting.com\/\"},{\"@type\":\"ListItem\",\"position\":2,\"name\":\"Aviso legal\"}]},{\"@type\":\"WebSite\",\"@id\":\"https:\/\/hugoinvesting.com\/#website\",\"url\":\"https:\/\/hugoinvesting.com\/\",\"name\":\"Hugo Investing\",\"description\":\"Taking Care of Trader and Investors. Hugo helps traders and investors become better investors. Hugo is a broker where you can buy all financial instruments. Hugo&#039;s clients have a Saxo Bank account and receive unlimited support from Hugo&#039;s team of real investors.\",\"publisher\":{\"@id\":\"https:\/\/hugoinvesting.com\/#organization\"},\"potentialAction\":[{\"@type\":\"SearchAction\",\"target\":{\"@type\":\"EntryPoint\",\"urlTemplate\":\"https:\/\/hugoinvesting.com\/?s={search_term_string}\"},\"query-input\":{\"@type\":\"PropertyValueSpecification\",\"valueRequired\":true,\"valueName\":\"search_term_string\"}}],\"inLanguage\":\"es\"},{\"@type\":\"Organization\",\"@id\":\"https:\/\/hugoinvesting.com\/#organization\",\"name\":\"Hugo Investing\",\"url\":\"https:\/\/hugoinvesting.com\/\",\"logo\":{\"@type\":\"ImageObject\",\"inLanguage\":\"es\",\"@id\":\"https:\/\/hugoinvesting.com\/#\/schema\/logo\/image\/\",\"url\":\"https:\/\/hugoinvesting.com\/wp-content\/uploads\/2022\/01\/Logo-Hugo.jpg\",\"contentUrl\":\"https:\/\/hugoinvesting.com\/wp-content\/uploads\/2022\/01\/Logo-Hugo.jpg\",\"width\":900,\"height\":900,\"caption\":\"Hugo Investing\"},\"image\":{\"@id\":\"https:\/\/hugoinvesting.com\/#\/schema\/logo\/image\/\"},\"sameAs\":[\"https:\/\/www.facebook.com\/hugoinvesting\",\"https:\/\/www.instagram.com\/hugoinvesting\/\",\"https:\/\/es.linkedin.com\/company\/hugoinvesting\",\"https:\/\/www.youtube.com\/c\/HugoInvesting\",\"https:\/\/www.facebook.com\/hugoinvestingnederlands\",\"https:\/\/www.instagram.com\/hugoinvestingnederlands\",\"https:\/\/www.youtube.com\/c\/hugoinvestingspanjeportugal\"]}]}<\/script>\n<!-- \/ Yoast SEO plugin. -->","yoast_head_json":{"title":"Aviso legal | Hugo Investing","description":"Aviso Legal Lea nuestra pol\u00edticaHugo Investing es el editor y redactor de este sitio web.Al utilizar el Sitio Web, el Usuario acepta las siguientes","robots":{"index":"index","follow":"follow","max-snippet":"max-snippet:-1","max-image-preview":"max-image-preview:large","max-video-preview":"max-video-preview:-1"},"canonical":"https:\/\/hugoinvesting.com\/disclaimer\/","og_locale":"es_ES","og_type":"article","og_title":"Aviso legal | Hugo Investing","og_description":"Aviso Legal Lea nuestra pol\u00edticaHugo Investing es el editor y redactor de este sitio web.Al utilizar el Sitio Web, el Usuario acepta las siguientes","og_url":"https:\/\/hugoinvesting.com\/disclaimer\/","og_site_name":"Hugo Investing","article_publisher":"https:\/\/www.facebook.com\/hugoinvesting","article_modified_time":"2023-03-03T11:44:12+00:00","og_image":[{"width":518,"height":346,"url":"https:\/\/hugoinvesting.com\/wp-content\/uploads\/2022\/10\/StartADemo.jpg","type":"image\/jpeg"}],"twitter_card":"summary_large_image","twitter_misc":{"Tiempo de lectura":"3 minutos"},"schema":{"@context":"https:\/\/schema.org","@graph":[{"@type":"WebPage","@id":"https:\/\/hugoinvesting.com\/disclaimer\/","url":"https:\/\/hugoinvesting.com\/disclaimer\/","name":"Aviso legal | Hugo Investing","isPartOf":{"@id":"https:\/\/hugoinvesting.com\/#website"},"datePublished":"2020-11-09T11:45:14+00:00","dateModified":"2023-03-03T11:44:12+00:00","description":"Aviso Legal Lea nuestra pol\u00edticaHugo Investing es el editor y redactor de este sitio web.Al utilizar el Sitio Web, el Usuario acepta las siguientes","breadcrumb":{"@id":"https:\/\/hugoinvesting.com\/disclaimer\/#breadcrumb"},"inLanguage":"es","potentialAction":[{"@type":"ReadAction","target":["https:\/\/hugoinvesting.com\/disclaimer\/"]}]},{"@type":"BreadcrumbList","@id":"https:\/\/hugoinvesting.com\/disclaimer\/#breadcrumb","itemListElement":[{"@type":"ListItem","position":1,"name":"Home","item":"https:\/\/hugoinvesting.com\/"},{"@type":"ListItem","position":2,"name":"Aviso legal"}]},{"@type":"WebSite","@id":"https:\/\/hugoinvesting.com\/#website","url":"https:\/\/hugoinvesting.com\/","name":"Hugo Investing","description":"Taking Care of Trader and Investors. Hugo helps traders and investors become better investors. Hugo is a broker where you can buy all financial instruments. Hugo&#039;s clients have a Saxo Bank account and receive unlimited support from Hugo&#039;s team of real investors.","publisher":{"@id":"https:\/\/hugoinvesting.com\/#organization"},"potentialAction":[{"@type":"SearchAction","target":{"@type":"EntryPoint","urlTemplate":"https:\/\/hugoinvesting.com\/?s={search_term_string}"},"query-input":{"@type":"PropertyValueSpecification","valueRequired":true,"valueName":"search_term_string"}}],"inLanguage":"es"},{"@type":"Organization","@id":"https:\/\/hugoinvesting.com\/#organization","name":"Hugo Investing","url":"https:\/\/hugoinvesting.com\/","logo":{"@type":"ImageObject","inLanguage":"es","@id":"https:\/\/hugoinvesting.com\/#\/schema\/logo\/image\/","url":"https:\/\/hugoinvesting.com\/wp-content\/uploads\/2022\/01\/Logo-Hugo.jpg","contentUrl":"https:\/\/hugoinvesting.com\/wp-content\/uploads\/2022\/01\/Logo-Hugo.jpg","width":900,"height":900,"caption":"Hugo Investing"},"image":{"@id":"https:\/\/hugoinvesting.com\/#\/schema\/logo\/image\/"},"sameAs":["https:\/\/www.facebook.com\/hugoinvesting","https:\/\/www.instagram.com\/hugoinvesting\/","https:\/\/es.linkedin.com\/company\/hugoinvesting","https:\/\/www.youtube.com\/c\/HugoInvesting","https:\/\/www.facebook.com\/hugoinvestingnederlands","https:\/\/www.instagram.com\/hugoinvestingnederlands","https:\/\/www.youtube.com\/c\/hugoinvestingspanjeportugal"]}]}},"_links":{"self":[{"href":"https:\/\/hugoinvesting.com\/es\/wp-json\/wp\/v2\/pages\/31476","targetHints":{"allow":["GET"]}}],"collection":[{"href":"https:\/\/hugoinvesting.com\/es\/wp-json\/wp\/v2\/pages"}],"about":[{"href":"https:\/\/hugoinvesting.com\/es\/wp-json\/wp\/v2\/types\/page"}],"author":[{"embeddable":true,"href":"https:\/\/hugoinvesting.com\/es\/wp-json\/wp\/v2\/users\/3"}],"replies":[{"embeddable":true,"href":"https:\/\/hugoinvesting.com\/es\/wp-json\/wp\/v2\/comments?post=31476"}],"version-history":[{"count":16,"href":"https:\/\/hugoinvesting.com\/es\/wp-json\/wp\/v2\/pages\/31476\/revisions"}],"predecessor-version":[{"id":42489,"href":"https:\/\/hugoinvesting.com\/es\/wp-json\/wp\/v2\/pages\/31476\/revisions\/42489"}],"wp:attachment":[{"href":"https:\/\/hugoinvesting.com\/es\/wp-json\/wp\/v2\/media?parent=31476"}],"curies":[{"name":"wp","href":"https:\/\/api.w.org\/{rel}","templated":true}]}}