{"id":30982,"date":"2020-10-26T13:12:21","date_gmt":"2020-10-26T13:12:21","guid":{"rendered":"https:\/\/hugoinvesting.com\/start\/"},"modified":"2024-03-14T11:56:17","modified_gmt":"2024-03-14T11:56:17","slug":"empezar","status":"publish","type":"page","link":"https:\/\/hugoinvesting.com\/es\/empezar\/","title":{"rendered":"Empezar"},"content":{"rendered":"\t\t<div data-elementor-type=\"wp-page\" data-elementor-id=\"30982\" class=\"elementor elementor-30982 elementor-25631\" data-elementor-post-type=\"page\">\n\t\t\t\t\t\t<section class=\"elementor-section elementor-top-section elementor-element elementor-element-52fa8d03 elementor-section-boxed elementor-section-height-default elementor-section-height-default\" data-id=\"52fa8d03\" data-element_type=\"section\" data-e-type=\"section\" data-settings=\"{&quot;background_background&quot;:&quot;classic&quot;}\">\n\t\t\t\t\t\t\t<div class=\"elementor-background-overlay\"><\/div>\n\t\t\t\t\t\t\t<div class=\"elementor-container elementor-column-gap-default\">\n\t\t\t\t\t<div class=\"elementor-column elementor-col-50 elementor-top-column elementor-element elementor-element-7bb76698\" data-id=\"7bb76698\" data-element_type=\"column\" data-e-type=\"column\">\n\t\t\t<div class=\"elementor-widget-wrap elementor-element-populated\">\n\t\t\t\t\t\t<div class=\"elementor-element elementor-element-20d1a259 elementor-widget elementor-widget-heading\" data-id=\"20d1a259\" data-element_type=\"widget\" data-e-type=\"widget\" data-widget_type=\"heading.default\">\n\t\t\t\t<div class=\"elementor-widget-container\">\n\t\t\t\t\t<h2 class=\"elementor-heading-title elementor-size-default\">Empieza hoy mismo.<\/h2>\t\t\t\t<\/div>\n\t\t\t\t<\/div>\n\t\t\t\t<div class=\"elementor-element elementor-element-6319475e elementor-widget-divider--view-line elementor-widget elementor-widget-divider\" data-id=\"6319475e\" data-element_type=\"widget\" data-e-type=\"widget\" data-widget_type=\"divider.default\">\n\t\t\t\t<div class=\"elementor-widget-container\">\n\t\t\t\t\t\t\t<div class=\"elementor-divider\">\n\t\t\t<span class=\"elementor-divider-separator\">\n\t\t\t\t\t\t<\/span>\n\t\t<\/div>\n\t\t\t\t\t\t<\/div>\n\t\t\t\t<\/div>\n\t\t\t\t<div class=\"elementor-element elementor-element-d37709f elementor-widget elementor-widget-text-editor\" data-id=\"d37709f\" data-element_type=\"widget\" data-e-type=\"widget\" data-widget_type=\"text-editor.default\">\n\t\t\t\t<div class=\"elementor-widget-container\">\n\t\t\t\t\t\t\t\t\t<p>Puede contar con nuestra asistencia personal y nuestros a\u00f1os de experiencia.<\/p>\t\t\t\t\t\t\t\t<\/div>\n\t\t\t\t<\/div>\n\t\t\t\t\t<\/div>\n\t\t<\/div>\n\t\t\t\t<div class=\"elementor-column elementor-col-50 elementor-top-column elementor-element elementor-element-494bb34b\" data-id=\"494bb34b\" data-element_type=\"column\" data-e-type=\"column\">\n\t\t\t<div class=\"elementor-widget-wrap\">\n\t\t\t\t\t\t\t<\/div>\n\t\t<\/div>\n\t\t\t\t\t<\/div>\n\t\t<\/section>\n\t\t\t\t<section class=\"elementor-section elementor-top-section elementor-element elementor-element-78c005cb elementor-section-boxed elementor-section-height-default elementor-section-height-default\" data-id=\"78c005cb\" data-element_type=\"section\" data-e-type=\"section\">\n\t\t\t\t\t\t<div class=\"elementor-container elementor-column-gap-default\">\n\t\t\t\t\t<div class=\"elementor-column elementor-col-25 elementor-top-column elementor-element elementor-element-58d31b45\" data-id=\"58d31b45\" data-element_type=\"column\" data-e-type=\"column\">\n\t\t\t<div class=\"elementor-widget-wrap elementor-element-populated\">\n\t\t\t\t\t\t<div class=\"elementor-element elementor-element-7be5c8c4 elementor-widget elementor-widget-heading\" data-id=\"7be5c8c4\" data-element_type=\"widget\" data-e-type=\"widget\" data-widget_type=\"heading.default\">\n\t\t\t\t<div class=\"elementor-widget-container\">\n\t\t\t\t\t<h3 class=\"elementor-heading-title elementor-size-default\">Abra una cuenta<\/h3>\t\t\t\t<\/div>\n\t\t\t\t<\/div>\n\t\t\t\t<div class=\"elementor-element elementor-element-20d3bf06 elementor-widget-divider--view-line elementor-widget elementor-widget-divider\" data-id=\"20d3bf06\" data-element_type=\"widget\" data-e-type=\"widget\" data-widget_type=\"divider.default\">\n\t\t\t\t<div class=\"elementor-widget-container\">\n\t\t\t\t\t\t\t<div class=\"elementor-divider\">\n\t\t\t<span class=\"elementor-divider-separator\">\n\t\t\t\t\t\t<\/span>\n\t\t<\/div>\n\t\t\t\t\t\t<\/div>\n\t\t\t\t<\/div>\n\t\t\t\t<div class=\"elementor-element elementor-element-5ab98206 elementor-widget elementor-widget-text-editor\" data-id=\"5ab98206\" data-element_type=\"widget\" data-e-type=\"widget\" data-widget_type=\"text-editor.default\">\n\t\t\t\t<div class=\"elementor-widget-container\">\n\t\t\t\t\t\t\t\t\t<p>Al asociarnos con Saxo Bank, podemos ofrecerle su tecnolog\u00eda de renombre mundial, respaldada por nuestro servicio de atenci\u00f3n al cliente. Cuando abra una cuenta en Saxo Bank y comience a utilizar los sistemas de Saxo Bank, estaremos all\u00ed para recibir sus \u00f3rdenes, mostrarle las plataformas y ser su contacto diario para todas sus necesidades de inversi\u00f3n.<\/p>\t\t\t\t\t\t\t\t<\/div>\n\t\t\t\t<\/div>\n\t\t\t\t<div class=\"elementor-element elementor-element-2b11318 elementor-align-center elementor-widget elementor-widget-button\" data-id=\"2b11318\" data-element_type=\"widget\" data-e-type=\"widget\" data-widget_type=\"button.default\">\n\t\t\t\t<div class=\"elementor-widget-container\">\n\t\t\t\t\t\t\t\t\t<div class=\"elementor-button-wrapper\">\n\t\t\t\t\t<a class=\"elementor-button elementor-button-link elementor-size-sm\" href=\"https:\/\/www.home.saxo\/accounts\/ib\/hugo-investing\">\n\t\t\t\t\t\t<span class=\"elementor-button-content-wrapper\">\n\t\t\t\t\t\t\t\t\t<span class=\"elementor-button-text\">abra una cuenta<\/span>\n\t\t\t\t\t<\/span>\n\t\t\t\t\t<\/a>\n\t\t\t\t<\/div>\n\t\t\t\t\t\t\t\t<\/div>\n\t\t\t\t<\/div>\n\t\t\t\t\t<\/div>\n\t\t<\/div>\n\t\t\t\t<div class=\"elementor-column elementor-col-25 elementor-top-column elementor-element elementor-element-bfd8c34\" data-id=\"bfd8c34\" data-element_type=\"column\" data-e-type=\"column\">\n\t\t\t<div class=\"elementor-widget-wrap elementor-element-populated\">\n\t\t\t\t\t\t<div class=\"elementor-element elementor-element-61f9453b elementor-widget elementor-widget-heading\" data-id=\"61f9453b\" data-element_type=\"widget\" data-e-type=\"widget\" data-widget_type=\"heading.default\">\n\t\t\t\t<div class=\"elementor-widget-container\">\n\t\t\t\t\t<h3 class=\"elementor-heading-title elementor-size-default\">pida una cita<\/h3>\t\t\t\t<\/div>\n\t\t\t\t<\/div>\n\t\t\t\t<div class=\"elementor-element elementor-element-499dd606 elementor-widget-divider--view-line elementor-widget elementor-widget-divider\" data-id=\"499dd606\" data-element_type=\"widget\" data-e-type=\"widget\" data-widget_type=\"divider.default\">\n\t\t\t\t<div class=\"elementor-widget-container\">\n\t\t\t\t\t\t\t<div class=\"elementor-divider\">\n\t\t\t<span class=\"elementor-divider-separator\">\n\t\t\t\t\t\t<\/span>\n\t\t<\/div>\n\t\t\t\t\t\t<\/div>\n\t\t\t\t<\/div>\n\t\t\t\t<div class=\"elementor-element elementor-element-3ec6baa3 elementor-widget elementor-widget-text-editor\" data-id=\"3ec6baa3\" data-element_type=\"widget\" data-e-type=\"widget\" data-widget_type=\"text-editor.default\">\n\t\t\t\t<div class=\"elementor-widget-container\">\n\t\t\t\t\t\t\t\t\t<p>\u00bfQuiere hablar con uno de los miembros de nuestro equipo? Escoge una fecha y hora en el formulario de abajo, estaremos encantados de atenderte en lo que necesites. Ser\u00e1 bienvenido en nuestra oficina o ll\u00e1menos por tel\u00e9fono.<\/p>\t\t\t\t\t\t\t\t<\/div>\n\t\t\t\t<\/div>\n\t\t\t\t<div class=\"elementor-element elementor-element-bb77085 elementor-align-center elementor-widget elementor-widget-button\" data-id=\"bb77085\" data-element_type=\"widget\" data-e-type=\"widget\" data-widget_type=\"button.default\">\n\t\t\t\t<div class=\"elementor-widget-container\">\n\t\t\t\t\t\t\t\t\t<div class=\"elementor-button-wrapper\">\n\t\t\t\t\t<a class=\"elementor-button elementor-button-link elementor-size-sm\" href=\"https:\/\/hugoinvesting.com\/es\/make-an-appointment\/\">\n\t\t\t\t\t\t<span class=\"elementor-button-content-wrapper\">\n\t\t\t\t\t\t\t\t\t<span class=\"elementor-button-text\">pida cita<\/span>\n\t\t\t\t\t<\/span>\n\t\t\t\t\t<\/a>\n\t\t\t\t<\/div>\n\t\t\t\t\t\t\t\t<\/div>\n\t\t\t\t<\/div>\n\t\t\t\t\t<\/div>\n\t\t<\/div>\n\t\t\t\t<div class=\"elementor-column elementor-col-25 elementor-top-column elementor-element elementor-element-2b9a8eaa\" data-id=\"2b9a8eaa\" data-element_type=\"column\" data-e-type=\"column\">\n\t\t\t<div class=\"elementor-widget-wrap elementor-element-populated\">\n\t\t\t\t\t\t<div class=\"elementor-element elementor-element-576bf7de elementor-widget elementor-widget-heading\" data-id=\"576bf7de\" data-element_type=\"widget\" data-e-type=\"widget\" data-widget_type=\"heading.default\">\n\t\t\t\t<div class=\"elementor-widget-container\">\n\t\t\t\t\t<h3 class=\"elementor-heading-title elementor-size-default\">empieza con nuestra academia<\/h3>\t\t\t\t<\/div>\n\t\t\t\t<\/div>\n\t\t\t\t<div class=\"elementor-element elementor-element-3d895cec elementor-widget-divider--view-line elementor-widget elementor-widget-divider\" data-id=\"3d895cec\" data-element_type=\"widget\" data-e-type=\"widget\" data-widget_type=\"divider.default\">\n\t\t\t\t<div class=\"elementor-widget-container\">\n\t\t\t\t\t\t\t<div class=\"elementor-divider\">\n\t\t\t<span class=\"elementor-divider-separator\">\n\t\t\t\t\t\t<\/span>\n\t\t<\/div>\n\t\t\t\t\t\t<\/div>\n\t\t\t\t<\/div>\n\t\t\t\t<div class=\"elementor-element elementor-element-2e24e3b0 elementor-widget elementor-widget-text-editor\" data-id=\"2e24e3b0\" data-element_type=\"widget\" data-e-type=\"widget\" data-widget_type=\"text-editor.default\">\n\t\t\t\t<div class=\"elementor-widget-container\">\n\t\t\t\t\t\t\t\t\t<p>Quieres que su dinero crezca, as\u00ed que lo desea invertir para conseguir una rentabilidad &#8211; Puede pasar un tiempo antes de que tengas la experiencia y los conocimientos necesarios para navegar con \u00e9xito por las oportunidades y los escollos del mercado de valores. Cuantos m\u00e1s conocimientos tenga, m\u00e1s posibilidades tendr\u00e1 de obtener una buena rentabilidad de sus inversiones. Nuestro objetivo es ayudarle a acelerar su proceso de aprendizaje y desarrollar una estrategia s\u00f3lida en nuestra Academia de Inversi\u00f3n.<\/p>\t\t\t\t\t\t\t\t<\/div>\n\t\t\t\t<\/div>\n\t\t\t\t<div class=\"elementor-element elementor-element-68ec58b elementor-align-center elementor-widget elementor-widget-button\" data-id=\"68ec58b\" data-element_type=\"widget\" data-e-type=\"widget\" data-widget_type=\"button.default\">\n\t\t\t\t<div class=\"elementor-widget-container\">\n\t\t\t\t\t\t\t\t\t<div class=\"elementor-button-wrapper\">\n\t\t\t\t\t<a class=\"elementor-button elementor-button-link elementor-size-sm\" href=\"https:\/\/academy-for-investors.com\/\">\n\t\t\t\t\t\t<span class=\"elementor-button-content-wrapper\">\n\t\t\t\t\t\t\t\t\t<span class=\"elementor-button-text\">academy for investors<\/span>\n\t\t\t\t\t<\/span>\n\t\t\t\t\t<\/a>\n\t\t\t\t<\/div>\n\t\t\t\t\t\t\t\t<\/div>\n\t\t\t\t<\/div>\n\t\t\t\t\t<\/div>\n\t\t<\/div>\n\t\t\t\t<div class=\"elementor-column elementor-col-25 elementor-top-column elementor-element elementor-element-d712ca5\" data-id=\"d712ca5\" data-element_type=\"column\" data-e-type=\"column\">\n\t\t\t<div class=\"elementor-widget-wrap elementor-element-populated\">\n\t\t\t\t\t\t<div class=\"elementor-element elementor-element-fe384d5 elementor-widget elementor-widget-heading\" data-id=\"fe384d5\" data-element_type=\"widget\" data-e-type=\"widget\" data-widget_type=\"heading.default\">\n\t\t\t\t<div class=\"elementor-widget-container\">\n\t\t\t\t\t<h3 class=\"elementor-heading-title elementor-size-default\">visita nuestros seminarios<\/h3>\t\t\t\t<\/div>\n\t\t\t\t<\/div>\n\t\t\t\t<div class=\"elementor-element elementor-element-01ca905 elementor-widget-divider--view-line elementor-widget elementor-widget-divider\" data-id=\"01ca905\" data-element_type=\"widget\" data-e-type=\"widget\" data-widget_type=\"divider.default\">\n\t\t\t\t<div class=\"elementor-widget-container\">\n\t\t\t\t\t\t\t<div class=\"elementor-divider\">\n\t\t\t<span class=\"elementor-divider-separator\">\n\t\t\t\t\t\t<\/span>\n\t\t<\/div>\n\t\t\t\t\t\t<\/div>\n\t\t\t\t<\/div>\n\t\t\t\t<div class=\"elementor-element elementor-element-064d2df elementor-widget elementor-widget-text-editor\" data-id=\"064d2df\" data-element_type=\"widget\" data-e-type=\"widget\" data-widget_type=\"text-editor.default\">\n\t\t\t\t<div class=\"elementor-widget-container\">\n\t\t\t\t\t\t\t\t\t<p>Como (nuevo) inversor, pronto te har\u00e1s preguntas y te enfrentar\u00e1s a las opciones con las que se encuentran todos los principiantes en el mundo de las finanzas. Por ejemplo, \u00bfc\u00f3mo desarrollar una visi\u00f3n de inversi\u00f3n? \u00bfEs la inversi\u00f3n en ETFs algo para usted? \u00bfC\u00f3mo se construye una cartera? Hugo proporciona las respuestas a estas y otras muchas preguntas de forma continua.\u00a0 La asistencia a los seminarios organizados en nuestra Academia de Inversi\u00f3n tambi\u00e9n acelerar\u00e1 su desarrollo como inversor experto.<\/p>\t\t\t\t\t\t\t\t<\/div>\n\t\t\t\t<\/div>\n\t\t\t\t<div class=\"elementor-element elementor-element-8ae8cf1 elementor-align-center elementor-widget elementor-widget-button\" data-id=\"8ae8cf1\" data-element_type=\"widget\" data-e-type=\"widget\" data-widget_type=\"button.default\">\n\t\t\t\t<div class=\"elementor-widget-container\">\n\t\t\t\t\t\t\t\t\t<div class=\"elementor-button-wrapper\">\n\t\t\t\t\t<a class=\"elementor-button elementor-button-link elementor-size-sm\" href=\"https:\/\/hugoinvesting.com\/es\/eventos-y-seminarios\/\">\n\t\t\t\t\t\t<span class=\"elementor-button-content-wrapper\">\n\t\t\t\t\t\t\t\t\t<span class=\"elementor-button-text\">mir\u00e9 nuestra agenda<\/span>\n\t\t\t\t\t<\/span>\n\t\t\t\t\t<\/a>\n\t\t\t\t<\/div>\n\t\t\t\t\t\t\t\t<\/div>\n\t\t\t\t<\/div>\n\t\t\t\t\t<\/div>\n\t\t<\/div>\n\t\t\t\t\t<\/div>\n\t\t<\/section>\n\t\t\t\t<\/div>\n\t\t","protected":false},"excerpt":{"rendered":"<p>Empieza hoy mismo. Puede contar con nuestra asistencia personal y nuestros a\u00f1os de experiencia. Abra una cuenta Al asociarnos con Saxo Bank, podemos ofrecerle su tecnolog\u00eda de renombre mundial, respaldada por nuestro servicio de atenci\u00f3n al cliente. Cuando abra una cuenta en Saxo Bank y comience a utilizar los sistemas de Saxo Bank, estaremos all\u00ed [&hellip;]<\/p>\n","protected":false},"author":3,"featured_media":0,"parent":0,"menu_order":0,"comment_status":"closed","ping_status":"closed","template":"","meta":{"site-sidebar-layout":"no-sidebar","site-content-layout":"page-builder","ast-site-content-layout":"full-width-container","site-content-style":"unboxed","site-sidebar-style":"unboxed","ast-global-header-display":"","ast-banner-title-visibility":"","ast-main-header-display":"","ast-hfb-above-header-display":"","ast-hfb-below-header-display":"","ast-hfb-mobile-header-display":"","site-post-title":"disabled","ast-breadcrumbs-content":"","ast-featured-img":"disabled","footer-sml-layout":"","ast-disable-related-posts":"","theme-transparent-header-meta":"default","adv-header-id-meta":"","stick-header-meta":"default","header-above-stick-meta":"","header-main-stick-meta":"","header-below-stick-meta":"","astra-migrate-meta-layouts":"set","ast-page-background-enabled":"default","ast-page-background-meta":{"desktop":{"background-color":"","background-image":"","background-repeat":"repeat","background-position":"center center","background-size":"auto","background-attachment":"scroll","background-type":"","background-media":"","overlay-type":"","overlay-color":"","overlay-opacity":"","overlay-gradient":""},"tablet":{"background-color":"","background-image":"","background-repeat":"repeat","background-position":"center center","background-size":"auto","background-attachment":"scroll","background-type":"","background-media":"","overlay-type":"","overlay-color":"","overlay-opacity":"","overlay-gradient":""},"mobile":{"background-color":"","background-image":"","background-repeat":"repeat","background-position":"center center","background-size":"auto","background-attachment":"scroll","background-type":"","background-media":"","overlay-type":"","overlay-color":"","overlay-opacity":"","overlay-gradient":""}},"ast-content-background-meta":{"desktop":{"background-color":"var(--ast-global-color-5)","background-image":"","background-repeat":"repeat","background-position":"center center","background-size":"auto","background-attachment":"scroll","background-type":"","background-media":"","overlay-type":"","overlay-color":"","overlay-opacity":"","overlay-gradient":""},"tablet":{"background-color":"var(--ast-global-color-5)","background-image":"","background-repeat":"repeat","background-position":"center center","background-size":"auto","background-attachment":"scroll","background-type":"","background-media":"","overlay-type":"","overlay-color":"","overlay-opacity":"","overlay-gradient":""},"mobile":{"background-color":"var(--ast-global-color-5)","background-image":"","background-repeat":"repeat","background-position":"center center","background-size":"auto","background-attachment":"scroll","background-type":"","background-media":"","overlay-type":"","overlay-color":"","overlay-opacity":"","overlay-gradient":""}},"_joinchat":[],"footnotes":""},"class_list":["post-30982","page","type-page","status-publish","hentry"],"yoast_head":"<!-- This site is optimized with the Yoast SEO plugin v26.8 - https:\/\/yoast.com\/product\/yoast-seo-wordpress\/ -->\n<title>Empezar | Hugo Investing<\/title>\n<meta name=\"description\" content=\"Empieza hoy mismo. Puede contar con nuestra asistencia personal y nuestros a\u00f1os de experiencia. Abra una cuenta Al asociarnos con Saxo Bank, podemos\" \/>\n<meta name=\"robots\" content=\"index, follow, max-snippet:-1, max-image-preview:large, max-video-preview:-1\" \/>\n<link rel=\"canonical\" href=\"https:\/\/hugoinvesting.com\/es\/empezar\/\" \/>\n<meta property=\"og:locale\" content=\"es_ES\" \/>\n<meta property=\"og:type\" content=\"article\" \/>\n<meta property=\"og:title\" content=\"Empezar | Hugo Investing\" \/>\n<meta property=\"og:description\" content=\"Empieza hoy mismo. Puede contar con nuestra asistencia personal y nuestros a\u00f1os de experiencia. Abra una cuenta Al asociarnos con Saxo Bank, podemos\" \/>\n<meta property=\"og:url\" content=\"https:\/\/hugoinvesting.com\/es\/empezar\/\" \/>\n<meta property=\"og:site_name\" content=\"Hugo Investing\" \/>\n<meta property=\"article:publisher\" content=\"https:\/\/www.facebook.com\/hugoinvesting\" \/>\n<meta property=\"article:modified_time\" content=\"2024-03-14T11:56:17+00:00\" \/>\n<meta property=\"og:image\" content=\"https:\/\/hugoinvesting.com\/wp-content\/uploads\/2022\/10\/StartADemo.jpg\" \/>\n\t<meta property=\"og:image:width\" content=\"518\" \/>\n\t<meta property=\"og:image:height\" content=\"346\" \/>\n\t<meta property=\"og:image:type\" content=\"image\/jpeg\" \/>\n<meta name=\"twitter:card\" content=\"summary_large_image\" \/>\n<meta name=\"twitter:label1\" content=\"Tiempo de lectura\" \/>\n\t<meta name=\"twitter:data1\" content=\"2 minutos\" \/>\n<script type=\"application\/ld+json\" class=\"yoast-schema-graph\">{\"@context\":\"https:\/\/schema.org\",\"@graph\":[{\"@type\":\"WebPage\",\"@id\":\"https:\/\/hugoinvesting.com\/es\/empezar\/\",\"url\":\"https:\/\/hugoinvesting.com\/es\/empezar\/\",\"name\":\"Empezar | Hugo Investing\",\"isPartOf\":{\"@id\":\"https:\/\/hugoinvesting.com\/#website\"},\"datePublished\":\"2020-10-26T13:12:21+00:00\",\"dateModified\":\"2024-03-14T11:56:17+00:00\",\"description\":\"Empieza hoy mismo. Puede contar con nuestra asistencia personal y nuestros a\u00f1os de experiencia. Abra una cuenta Al asociarnos con Saxo Bank, podemos\",\"breadcrumb\":{\"@id\":\"https:\/\/hugoinvesting.com\/es\/empezar\/#breadcrumb\"},\"inLanguage\":\"es\",\"potentialAction\":[{\"@type\":\"ReadAction\",\"target\":[\"https:\/\/hugoinvesting.com\/es\/empezar\/\"]}]},{\"@type\":\"BreadcrumbList\",\"@id\":\"https:\/\/hugoinvesting.com\/es\/empezar\/#breadcrumb\",\"itemListElement\":[{\"@type\":\"ListItem\",\"position\":1,\"name\":\"Home\",\"item\":\"https:\/\/hugoinvesting.com\/\"},{\"@type\":\"ListItem\",\"position\":2,\"name\":\"Empezar\"}]},{\"@type\":\"WebSite\",\"@id\":\"https:\/\/hugoinvesting.com\/#website\",\"url\":\"https:\/\/hugoinvesting.com\/\",\"name\":\"Hugo Investing\",\"description\":\"Taking Care of Trader and Investors. Hugo helps traders and investors become better investors. Hugo is a broker where you can buy all financial instruments. Hugo&#039;s clients have a Saxo Bank account and receive unlimited support from Hugo&#039;s team of real investors.\",\"publisher\":{\"@id\":\"https:\/\/hugoinvesting.com\/#organization\"},\"potentialAction\":[{\"@type\":\"SearchAction\",\"target\":{\"@type\":\"EntryPoint\",\"urlTemplate\":\"https:\/\/hugoinvesting.com\/?s={search_term_string}\"},\"query-input\":{\"@type\":\"PropertyValueSpecification\",\"valueRequired\":true,\"valueName\":\"search_term_string\"}}],\"inLanguage\":\"es\"},{\"@type\":\"Organization\",\"@id\":\"https:\/\/hugoinvesting.com\/#organization\",\"name\":\"Hugo Investing\",\"url\":\"https:\/\/hugoinvesting.com\/\",\"logo\":{\"@type\":\"ImageObject\",\"inLanguage\":\"es\",\"@id\":\"https:\/\/hugoinvesting.com\/#\/schema\/logo\/image\/\",\"url\":\"https:\/\/hugoinvesting.com\/wp-content\/uploads\/2022\/01\/Logo-Hugo.jpg\",\"contentUrl\":\"https:\/\/hugoinvesting.com\/wp-content\/uploads\/2022\/01\/Logo-Hugo.jpg\",\"width\":900,\"height\":900,\"caption\":\"Hugo Investing\"},\"image\":{\"@id\":\"https:\/\/hugoinvesting.com\/#\/schema\/logo\/image\/\"},\"sameAs\":[\"https:\/\/www.facebook.com\/hugoinvesting\",\"https:\/\/www.instagram.com\/hugoinvesting\/\",\"https:\/\/es.linkedin.com\/company\/hugoinvesting\",\"https:\/\/www.youtube.com\/c\/HugoInvesting\",\"https:\/\/www.facebook.com\/hugoinvestingnederlands\",\"https:\/\/www.instagram.com\/hugoinvestingnederlands\",\"https:\/\/www.youtube.com\/c\/hugoinvestingspanjeportugal\"]}]}<\/script>\n<!-- \/ Yoast SEO plugin. -->","yoast_head_json":{"title":"Empezar | Hugo Investing","description":"Empieza hoy mismo. Puede contar con nuestra asistencia personal y nuestros a\u00f1os de experiencia. Abra una cuenta Al asociarnos con Saxo Bank, podemos","robots":{"index":"index","follow":"follow","max-snippet":"max-snippet:-1","max-image-preview":"max-image-preview:large","max-video-preview":"max-video-preview:-1"},"canonical":"https:\/\/hugoinvesting.com\/es\/empezar\/","og_locale":"es_ES","og_type":"article","og_title":"Empezar | Hugo Investing","og_description":"Empieza hoy mismo. Puede contar con nuestra asistencia personal y nuestros a\u00f1os de experiencia. Abra una cuenta Al asociarnos con Saxo Bank, podemos","og_url":"https:\/\/hugoinvesting.com\/es\/empezar\/","og_site_name":"Hugo Investing","article_publisher":"https:\/\/www.facebook.com\/hugoinvesting","article_modified_time":"2024-03-14T11:56:17+00:00","og_image":[{"width":518,"height":346,"url":"https:\/\/hugoinvesting.com\/wp-content\/uploads\/2022\/10\/StartADemo.jpg","type":"image\/jpeg"}],"twitter_card":"summary_large_image","twitter_misc":{"Tiempo de lectura":"2 minutos"},"schema":{"@context":"https:\/\/schema.org","@graph":[{"@type":"WebPage","@id":"https:\/\/hugoinvesting.com\/es\/empezar\/","url":"https:\/\/hugoinvesting.com\/es\/empezar\/","name":"Empezar | Hugo Investing","isPartOf":{"@id":"https:\/\/hugoinvesting.com\/#website"},"datePublished":"2020-10-26T13:12:21+00:00","dateModified":"2024-03-14T11:56:17+00:00","description":"Empieza hoy mismo. Puede contar con nuestra asistencia personal y nuestros a\u00f1os de experiencia. Abra una cuenta Al asociarnos con Saxo Bank, podemos","breadcrumb":{"@id":"https:\/\/hugoinvesting.com\/es\/empezar\/#breadcrumb"},"inLanguage":"es","potentialAction":[{"@type":"ReadAction","target":["https:\/\/hugoinvesting.com\/es\/empezar\/"]}]},{"@type":"BreadcrumbList","@id":"https:\/\/hugoinvesting.com\/es\/empezar\/#breadcrumb","itemListElement":[{"@type":"ListItem","position":1,"name":"Home","item":"https:\/\/hugoinvesting.com\/"},{"@type":"ListItem","position":2,"name":"Empezar"}]},{"@type":"WebSite","@id":"https:\/\/hugoinvesting.com\/#website","url":"https:\/\/hugoinvesting.com\/","name":"Hugo Investing","description":"Taking Care of Trader and Investors. Hugo helps traders and investors become better investors. Hugo is a broker where you can buy all financial instruments. Hugo&#039;s clients have a Saxo Bank account and receive unlimited support from Hugo&#039;s team of real investors.","publisher":{"@id":"https:\/\/hugoinvesting.com\/#organization"},"potentialAction":[{"@type":"SearchAction","target":{"@type":"EntryPoint","urlTemplate":"https:\/\/hugoinvesting.com\/?s={search_term_string}"},"query-input":{"@type":"PropertyValueSpecification","valueRequired":true,"valueName":"search_term_string"}}],"inLanguage":"es"},{"@type":"Organization","@id":"https:\/\/hugoinvesting.com\/#organization","name":"Hugo Investing","url":"https:\/\/hugoinvesting.com\/","logo":{"@type":"ImageObject","inLanguage":"es","@id":"https:\/\/hugoinvesting.com\/#\/schema\/logo\/image\/","url":"https:\/\/hugoinvesting.com\/wp-content\/uploads\/2022\/01\/Logo-Hugo.jpg","contentUrl":"https:\/\/hugoinvesting.com\/wp-content\/uploads\/2022\/01\/Logo-Hugo.jpg","width":900,"height":900,"caption":"Hugo Investing"},"image":{"@id":"https:\/\/hugoinvesting.com\/#\/schema\/logo\/image\/"},"sameAs":["https:\/\/www.facebook.com\/hugoinvesting","https:\/\/www.instagram.com\/hugoinvesting\/","https:\/\/es.linkedin.com\/company\/hugoinvesting","https:\/\/www.youtube.com\/c\/HugoInvesting","https:\/\/www.facebook.com\/hugoinvestingnederlands","https:\/\/www.instagram.com\/hugoinvestingnederlands","https:\/\/www.youtube.com\/c\/hugoinvestingspanjeportugal"]}]}},"_links":{"self":[{"href":"https:\/\/hugoinvesting.com\/es\/wp-json\/wp\/v2\/pages\/30982","targetHints":{"allow":["GET"]}}],"collection":[{"href":"https:\/\/hugoinvesting.com\/es\/wp-json\/wp\/v2\/pages"}],"about":[{"href":"https:\/\/hugoinvesting.com\/es\/wp-json\/wp\/v2\/types\/page"}],"author":[{"embeddable":true,"href":"https:\/\/hugoinvesting.com\/es\/wp-json\/wp\/v2\/users\/3"}],"replies":[{"embeddable":true,"href":"https:\/\/hugoinvesting.com\/es\/wp-json\/wp\/v2\/comments?post=30982"}],"version-history":[{"count":27,"href":"https:\/\/hugoinvesting.com\/es\/wp-json\/wp\/v2\/pages\/30982\/revisions"}],"predecessor-version":[{"id":47083,"href":"https:\/\/hugoinvesting.com\/es\/wp-json\/wp\/v2\/pages\/30982\/revisions\/47083"}],"wp:attachment":[{"href":"https:\/\/hugoinvesting.com\/es\/wp-json\/wp\/v2\/media?parent=30982"}],"curies":[{"name":"wp","href":"https:\/\/api.w.org\/{rel}","templated":true}]}}