{"id":29830,"date":"2020-10-26T14:12:42","date_gmt":"2020-10-26T14:12:42","guid":{"rendered":"https:\/\/hugoinvesting.com\/security\/"},"modified":"2024-07-15T18:37:01","modified_gmt":"2024-07-15T18:37:01","slug":"seguridad","status":"publish","type":"page","link":"https:\/\/hugoinvesting.com\/es\/seguridad\/","title":{"rendered":"Seguridad"},"content":{"rendered":"\t\t<div data-elementor-type=\"wp-page\" data-elementor-id=\"29830\" class=\"elementor elementor-29830 elementor-25654\" data-elementor-post-type=\"page\">\n\t\t\t\t\t\t<section class=\"elementor-section elementor-top-section elementor-element elementor-element-10509e01 elementor-section-boxed elementor-section-height-default elementor-section-height-default\" data-id=\"10509e01\" data-element_type=\"section\" data-e-type=\"section\" data-settings=\"{&quot;background_background&quot;:&quot;classic&quot;}\">\n\t\t\t\t\t\t\t<div class=\"elementor-background-overlay\"><\/div>\n\t\t\t\t\t\t\t<div class=\"elementor-container elementor-column-gap-default\">\n\t\t\t\t\t<div class=\"elementor-column elementor-col-50 elementor-top-column elementor-element elementor-element-2089698\" data-id=\"2089698\" data-element_type=\"column\" data-e-type=\"column\">\n\t\t\t<div class=\"elementor-widget-wrap elementor-element-populated\">\n\t\t\t\t\t\t<div class=\"elementor-element elementor-element-4cf7a67c elementor-widget elementor-widget-heading\" data-id=\"4cf7a67c\" data-element_type=\"widget\" data-e-type=\"widget\" data-widget_type=\"heading.default\">\n\t\t\t\t<div class=\"elementor-widget-container\">\n\t\t\t\t\t<h2 class=\"elementor-heading-title elementor-size-default\">La seguridad es lo primero<\/h2>\t\t\t\t<\/div>\n\t\t\t\t<\/div>\n\t\t\t\t<div class=\"elementor-element elementor-element-4493c978 elementor-widget-divider--view-line elementor-widget elementor-widget-divider\" data-id=\"4493c978\" data-element_type=\"widget\" data-e-type=\"widget\" data-widget_type=\"divider.default\">\n\t\t\t\t<div class=\"elementor-widget-container\">\n\t\t\t\t\t\t\t<div class=\"elementor-divider\">\n\t\t\t<span class=\"elementor-divider-separator\">\n\t\t\t\t\t\t<\/span>\n\t\t<\/div>\n\t\t\t\t\t\t<\/div>\n\t\t\t\t<\/div>\n\t\t\t\t\t<\/div>\n\t\t<\/div>\n\t\t\t\t<div class=\"elementor-column elementor-col-50 elementor-top-column elementor-element elementor-element-266046af\" data-id=\"266046af\" data-element_type=\"column\" data-e-type=\"column\">\n\t\t\t<div class=\"elementor-widget-wrap\">\n\t\t\t\t\t\t\t<\/div>\n\t\t<\/div>\n\t\t\t\t\t<\/div>\n\t\t<\/section>\n\t\t\t\t<section class=\"elementor-section elementor-top-section elementor-element elementor-element-126a6f7b elementor-section-boxed elementor-section-height-default elementor-section-height-default\" data-id=\"126a6f7b\" data-element_type=\"section\" data-e-type=\"section\">\n\t\t\t\t\t\t<div class=\"elementor-container elementor-column-gap-default\">\n\t\t\t\t\t<div class=\"elementor-column elementor-col-50 elementor-top-column elementor-element elementor-element-67d81c1b\" data-id=\"67d81c1b\" data-element_type=\"column\" data-e-type=\"column\">\n\t\t\t<div class=\"elementor-widget-wrap elementor-element-populated\">\n\t\t\t\t\t\t<div class=\"elementor-element elementor-element-2dc6864c elementor-widget elementor-widget-heading\" data-id=\"2dc6864c\" data-element_type=\"widget\" data-e-type=\"widget\" data-widget_type=\"heading.default\">\n\t\t\t\t<div class=\"elementor-widget-container\">\n\t\t\t\t\t<h3 class=\"elementor-heading-title elementor-size-default\">Sobre nuestra seguridad y la protecci\u00f3n de sus fondos<\/h3>\t\t\t\t<\/div>\n\t\t\t\t<\/div>\n\t\t\t\t<div class=\"elementor-element elementor-element-18190847 elementor-widget elementor-widget-text-editor\" data-id=\"18190847\" data-element_type=\"widget\" data-e-type=\"widget\" data-widget_type=\"text-editor.default\">\n\t\t\t\t<div class=\"elementor-widget-container\">\n\t\t\t\t\t\t\t\t\t<p>Los clientes que invierten con Hugo tienen sus inversiones seguras en una cuenta de Saxo Bank. Saxo Bank es un banco dan\u00e9s, bajo la protecci\u00f3n de la Autoridad de Supervisi\u00f3n Financiera de Dinamarca (FSA) y miembro del Fondo de Garant\u00eda Dan\u00e9s. Dinamarca posee una calificaci\u00f3n triple A de Standard &amp; Poor&#8217;s, Moody&#8217;s y DBRS. Adem\u00e1s, Trading Economics califica muy positivamente la solvencia de Dinamarca, con una puntuaci\u00f3n cercana a 100, lo que indica un riesgo muy bajo. <a href=\"https:\/\/tradingeconomics.com\/country-list\/rating?continent=europe\">Haga clic aqu\u00ed<\/a> para obtener m\u00e1s informaci\u00f3n sobre la calificaci\u00f3n crediticia.<\/p><p>Si un banco dan\u00e9s (incluido Saxo Bank) suspendiera sus pagos o quebrara, los dep\u00f3sitos de los clientes est\u00e1n garantizados por el Fondo con hasta 100.000 EUR para dep\u00f3sitos en efectivo. Los dep\u00f3sitos en efectivo se calculan como el dep\u00f3sito libre neto tras deducir cualquier deuda con el banco. Para obtener m\u00e1s informaci\u00f3n sobre el Fondo de Garant\u00eda y la cobertura, as\u00ed como una lista actualizada de los miembros del Fondo de Garant\u00eda, <a href=\"https:\/\/www.fs.dk\/finansiel-stabilitet-at-a-glance\">haga clic aqu\u00ed<\/a>.<\/p><p>Por regla general, los valores no se ver\u00e1n afectados por la suspensi\u00f3n de pagos o la liquidaci\u00f3n obligatoria y se devolver\u00e1n al cliente. Si un banco dan\u00e9s (incluido Saxo Bank) no puede devolver los valores custodiados, administrados o gestionados, el Fondo de Garant\u00eda cubrir\u00e1 hasta 20.000 EUR por cliente.<\/p><p>Saxo Bank no cotiza en bolsa, no tiene licencia bancaria y no ofrece hipotecas ni pr\u00e9stamos. Combinar Saxo Bank con la asistencia ilimitada de Hugo es una elecci\u00f3n segura.<\/p>\t\t\t\t\t\t\t\t<\/div>\n\t\t\t\t<\/div>\n\t\t\t\t\t<\/div>\n\t\t<\/div>\n\t\t\t\t<div class=\"elementor-column elementor-col-50 elementor-top-column elementor-element elementor-element-48aeb945 animated-slow elementor-invisible\" data-id=\"48aeb945\" data-element_type=\"column\" data-e-type=\"column\" data-settings=\"{&quot;animation&quot;:&quot;fadeInRight&quot;}\">\n\t\t\t<div class=\"elementor-widget-wrap elementor-element-populated\">\n\t\t\t\t\t\t<div class=\"elementor-element elementor-element-77d984b4 elementor-widget elementor-widget-image\" data-id=\"77d984b4\" data-element_type=\"widget\" data-e-type=\"widget\" data-widget_type=\"image.default\">\n\t\t\t\t<div class=\"elementor-widget-container\">\n\t\t\t\t\t\t\t\t\t\t\t\t\t\t\t<img fetchpriority=\"high\" decoding=\"async\" width=\"1024\" height=\"682\" src=\"https:\/\/hugoinvesting.com\/wp-content\/uploads\/2020\/11\/Hugo-Broker-trading-investing-stock-portfolios23-1024x682.jpg\" class=\"attachment-large size-large wp-image-30094\" alt=\"Make your money grow with the help of Hugo\" srcset=\"https:\/\/hugoinvesting.com\/wp-content\/uploads\/2020\/11\/Hugo-Broker-trading-investing-stock-portfolios23-1024x682.jpg 1024w, https:\/\/hugoinvesting.com\/wp-content\/uploads\/2020\/11\/Hugo-Broker-trading-investing-stock-portfolios23-300x200.jpg 300w, https:\/\/hugoinvesting.com\/wp-content\/uploads\/2020\/11\/Hugo-Broker-trading-investing-stock-portfolios23-768x512.jpg 768w, https:\/\/hugoinvesting.com\/wp-content\/uploads\/2020\/11\/Hugo-Broker-trading-investing-stock-portfolios23-1536x1024.jpg 1536w, https:\/\/hugoinvesting.com\/wp-content\/uploads\/2020\/11\/Hugo-Broker-trading-investing-stock-portfolios23-600x400.jpg 600w, https:\/\/hugoinvesting.com\/wp-content\/uploads\/2020\/11\/Hugo-Broker-trading-investing-stock-portfolios23.jpg 2000w\" sizes=\"(max-width: 1024px) 100vw, 1024px\" \/>\t\t\t\t\t\t\t\t\t\t\t\t\t\t\t<\/div>\n\t\t\t\t<\/div>\n\t\t\t\t\t<\/div>\n\t\t<\/div>\n\t\t\t\t\t<\/div>\n\t\t<\/section>\n\t\t\t\t<section class=\"elementor-section elementor-top-section elementor-element elementor-element-7e736ad4 elementor-section-height-min-height elementor-section-boxed elementor-section-height-default elementor-section-items-middle\" data-id=\"7e736ad4\" data-element_type=\"section\" data-e-type=\"section\" data-settings=\"{&quot;background_background&quot;:&quot;classic&quot;}\">\n\t\t\t\t\t\t\t<div class=\"elementor-background-overlay\"><\/div>\n\t\t\t\t\t\t\t<div class=\"elementor-container elementor-column-gap-default\">\n\t\t\t\t\t<div class=\"elementor-column elementor-col-50 elementor-top-column elementor-element elementor-element-97748bb\" data-id=\"97748bb\" data-element_type=\"column\" data-e-type=\"column\">\n\t\t\t<div class=\"elementor-widget-wrap elementor-element-populated\">\n\t\t\t\t\t\t<div class=\"elementor-element elementor-element-9c0165b elementor-widget elementor-widget-image\" data-id=\"9c0165b\" data-element_type=\"widget\" data-e-type=\"widget\" data-widget_type=\"image.default\">\n\t\t\t\t<div class=\"elementor-widget-container\">\n\t\t\t\t\t\t\t\t\t\t\t\t\t\t\t<img decoding=\"async\" width=\"1024\" height=\"256\" src=\"https:\/\/hugoinvesting.com\/wp-content\/uploads\/2019\/12\/fogain-cnmv-blanco--1024x256.png\" class=\"attachment-large size-large wp-image-37741\" alt=\"\" srcset=\"https:\/\/hugoinvesting.com\/wp-content\/uploads\/2019\/12\/fogain-cnmv-blanco--1024x256.png 1024w, https:\/\/hugoinvesting.com\/wp-content\/uploads\/2019\/12\/fogain-cnmv-blanco--300x75.png 300w, https:\/\/hugoinvesting.com\/wp-content\/uploads\/2019\/12\/fogain-cnmv-blanco--768x192.png 768w, https:\/\/hugoinvesting.com\/wp-content\/uploads\/2019\/12\/fogain-cnmv-blanco-.png 1200w\" sizes=\"(max-width: 1024px) 100vw, 1024px\" \/>\t\t\t\t\t\t\t\t\t\t\t\t\t\t\t<\/div>\n\t\t\t\t<\/div>\n\t\t\t\t\t<\/div>\n\t\t<\/div>\n\t\t\t\t<div class=\"elementor-column elementor-col-50 elementor-top-column elementor-element elementor-element-663177d6\" data-id=\"663177d6\" data-element_type=\"column\" data-e-type=\"column\">\n\t\t\t<div class=\"elementor-widget-wrap elementor-element-populated\">\n\t\t\t\t\t\t<div class=\"elementor-element elementor-element-5e59f995 elementor-widget elementor-widget-heading\" data-id=\"5e59f995\" data-element_type=\"widget\" data-e-type=\"widget\" data-widget_type=\"heading.default\">\n\t\t\t\t<div class=\"elementor-widget-container\">\n\t\t\t\t\t<h2 class=\"elementor-heading-title elementor-size-default\">Totalmente autorizado y regulado<\/h2>\t\t\t\t<\/div>\n\t\t\t\t<\/div>\n\t\t\t\t<div class=\"elementor-element elementor-element-5c78f5d4 elementor-widget elementor-widget-text-editor\" data-id=\"5c78f5d4\" data-element_type=\"widget\" data-e-type=\"widget\" data-widget_type=\"text-editor.default\">\n\t\t\t\t<div class=\"elementor-widget-container\">\n\t\t\t\t\t\t\t\t\t<p>Hugo es miembro del <span style=\"color: #ff9900;\">FOGAIN<\/span>, el Sistema de Compensaci\u00f3n de Inversores para entidades que prestan servicios de inversi\u00f3n\u00a0y est\u00e1 regulado por la <span style=\"color: #ff9900;\">Comisi\u00f3n Nacional del<\/span><br \/><span style=\"color: #ff9900;\">Comisi\u00f3n Nacional del Mercado de Valores (CNMV) 312<\/span>, responsable de la supervisi\u00f3n e inspecci\u00f3n de los mercados de valores espa\u00f1oles.<\/p><p>Medidas adicionales para garantizar la m\u00e1xima seguridad<\/p><ul><li>\u00a0Inicio de sesi\u00f3n del cliente totalmente seguro.<\/li><li>El dinero o los fondos s\u00f3lo pueden transferirse desde su cuenta Hugo a otra cuenta a su nombre: sencillo, seguro y eficaz.<\/li><li>Autenticaci\u00f3n de dos factores (opcional). Si se activa, se utiliza una capa adicional de protecci\u00f3n adicional para garantizar la seguridad de su cuenta en l\u00ednea.<\/li><li>Los datos de los clientes se almacenan de acuerdo con la normativa de privacidad GDPR.<\/li><li>El equipo de Hugo est\u00e1 totalmente cualificado, tiene una gran experiencia y est\u00e1 al d\u00eda con las leyes y regulaciones de la banca de inversi\u00f3n.<\/li><li>El director general de Hugo tiene m\u00e1s de 25 a\u00f1os de experiencia laboral en banca de inversi\u00f3n y el equipo de Hugo lleva trabajando con inversores privados en Espa\u00f1a desde 2006. El equipo de Hugo es un equipo en el que se puede confia<\/li><\/ul>\t\t\t\t\t\t\t\t<\/div>\n\t\t\t\t<\/div>\n\t\t\t\t\t<\/div>\n\t\t<\/div>\n\t\t\t\t\t<\/div>\n\t\t<\/section>\n\t\t\t\t<\/div>\n\t\t","protected":false},"excerpt":{"rendered":"<p>La seguridad es lo primero Sobre nuestra seguridad y la protecci\u00f3n de sus fondos Los clientes que invierten con Hugo tienen sus inversiones seguras en una cuenta de Saxo Bank. Saxo Bank es un banco dan\u00e9s, bajo la protecci\u00f3n de la Autoridad de Supervisi\u00f3n Financiera de Dinamarca (FSA) y miembro del Fondo de Garant\u00eda Dan\u00e9s. [&hellip;]<\/p>\n","protected":false},"author":3,"featured_media":0,"parent":0,"menu_order":0,"comment_status":"closed","ping_status":"closed","template":"","meta":{"site-sidebar-layout":"no-sidebar","site-content-layout":"page-builder","ast-site-content-layout":"default","site-content-style":"default","site-sidebar-style":"default","ast-global-header-display":"","ast-banner-title-visibility":"","ast-main-header-display":"","ast-hfb-above-header-display":"","ast-hfb-below-header-display":"","ast-hfb-mobile-header-display":"","site-post-title":"disabled","ast-breadcrumbs-content":"","ast-featured-img":"disabled","footer-sml-layout":"","ast-disable-related-posts":"","theme-transparent-header-meta":"default","adv-header-id-meta":"","stick-header-meta":"default","header-above-stick-meta":"","header-main-stick-meta":"","header-below-stick-meta":"","astra-migrate-meta-layouts":"set","ast-page-background-enabled":"default","ast-page-background-meta":{"desktop":{"background-color":"","background-image":"","background-repeat":"repeat","background-position":"center center","background-size":"auto","background-attachment":"scroll","background-type":"","background-media":"","overlay-type":"","overlay-color":"","overlay-opacity":"","overlay-gradient":""},"tablet":{"background-color":"","background-image":"","background-repeat":"repeat","background-position":"center center","background-size":"auto","background-attachment":"scroll","background-type":"","background-media":"","overlay-type":"","overlay-color":"","overlay-opacity":"","overlay-gradient":""},"mobile":{"background-color":"","background-image":"","background-repeat":"repeat","background-position":"center center","background-size":"auto","background-attachment":"scroll","background-type":"","background-media":"","overlay-type":"","overlay-color":"","overlay-opacity":"","overlay-gradient":""}},"ast-content-background-meta":{"desktop":{"background-color":"var(--ast-global-color-5)","background-image":"","background-repeat":"repeat","background-position":"center center","background-size":"auto","background-attachment":"scroll","background-type":"","background-media":"","overlay-type":"","overlay-color":"","overlay-opacity":"","overlay-gradient":""},"tablet":{"background-color":"var(--ast-global-color-5)","background-image":"","background-repeat":"repeat","background-position":"center center","background-size":"auto","background-attachment":"scroll","background-type":"","background-media":"","overlay-type":"","overlay-color":"","overlay-opacity":"","overlay-gradient":""},"mobile":{"background-color":"var(--ast-global-color-5)","background-image":"","background-repeat":"repeat","background-position":"center center","background-size":"auto","background-attachment":"scroll","background-type":"","background-media":"","overlay-type":"","overlay-color":"","overlay-opacity":"","overlay-gradient":""}},"_joinchat":[],"footnotes":""},"class_list":["post-29830","page","type-page","status-publish","hentry"],"yoast_head":"<!-- This site is optimized with the Yoast SEO plugin v26.8 - https:\/\/yoast.com\/product\/yoast-seo-wordpress\/ -->\n<title>Seguridad | Hugo Investing<\/title>\n<meta name=\"description\" content=\"La seguridad es lo primero Sobre nuestra seguridad y la protecci\u00f3n de sus fondos Los clientes que invierten con Hugo tienen sus inversiones seguras en una\" \/>\n<meta name=\"robots\" content=\"index, follow, max-snippet:-1, max-image-preview:large, max-video-preview:-1\" \/>\n<link rel=\"canonical\" href=\"https:\/\/hugoinvesting.com\/es\/seguridad\/\" \/>\n<meta property=\"og:locale\" content=\"es_ES\" \/>\n<meta property=\"og:type\" content=\"article\" \/>\n<meta property=\"og:title\" content=\"Seguridad | Hugo Investing\" \/>\n<meta property=\"og:description\" content=\"La seguridad es lo primero Sobre nuestra seguridad y la protecci\u00f3n de sus fondos Los clientes que invierten con Hugo tienen sus inversiones seguras en una\" \/>\n<meta property=\"og:url\" content=\"https:\/\/hugoinvesting.com\/es\/seguridad\/\" \/>\n<meta property=\"og:site_name\" content=\"Hugo Investing\" \/>\n<meta property=\"article:publisher\" content=\"https:\/\/www.facebook.com\/hugoinvesting\" \/>\n<meta property=\"article:modified_time\" content=\"2024-07-15T18:37:01+00:00\" \/>\n<meta property=\"og:image\" content=\"https:\/\/hugoinvesting.com\/wp-content\/uploads\/2020\/11\/Hugo-Broker-trading-investing-stock-portfolios23-1024x682.jpg\" \/>\n<meta name=\"twitter:card\" content=\"summary_large_image\" \/>\n<meta name=\"twitter:label1\" content=\"Tiempo de lectura\" \/>\n\t<meta name=\"twitter:data1\" content=\"3 minutos\" \/>\n<script type=\"application\/ld+json\" class=\"yoast-schema-graph\">{\"@context\":\"https:\/\/schema.org\",\"@graph\":[{\"@type\":\"WebPage\",\"@id\":\"https:\/\/hugoinvesting.com\/es\/seguridad\/\",\"url\":\"https:\/\/hugoinvesting.com\/es\/seguridad\/\",\"name\":\"Seguridad | Hugo Investing\",\"isPartOf\":{\"@id\":\"https:\/\/hugoinvesting.com\/#website\"},\"primaryImageOfPage\":{\"@id\":\"https:\/\/hugoinvesting.com\/es\/seguridad\/#primaryimage\"},\"image\":{\"@id\":\"https:\/\/hugoinvesting.com\/es\/seguridad\/#primaryimage\"},\"thumbnailUrl\":\"https:\/\/hugoinvesting.com\/wp-content\/uploads\/2020\/11\/Hugo-Broker-trading-investing-stock-portfolios23-1024x682.jpg\",\"datePublished\":\"2020-10-26T14:12:42+00:00\",\"dateModified\":\"2024-07-15T18:37:01+00:00\",\"description\":\"La seguridad es lo primero Sobre nuestra seguridad y la protecci\u00f3n de sus fondos Los clientes que invierten con Hugo tienen sus inversiones seguras en una\",\"breadcrumb\":{\"@id\":\"https:\/\/hugoinvesting.com\/es\/seguridad\/#breadcrumb\"},\"inLanguage\":\"es\",\"potentialAction\":[{\"@type\":\"ReadAction\",\"target\":[\"https:\/\/hugoinvesting.com\/es\/seguridad\/\"]}]},{\"@type\":\"ImageObject\",\"inLanguage\":\"es\",\"@id\":\"https:\/\/hugoinvesting.com\/es\/seguridad\/#primaryimage\",\"url\":\"https:\/\/hugoinvesting.com\/wp-content\/uploads\/2020\/11\/Hugo-Broker-trading-investing-stock-portfolios23-1024x682.jpg\",\"contentUrl\":\"https:\/\/hugoinvesting.com\/wp-content\/uploads\/2020\/11\/Hugo-Broker-trading-investing-stock-portfolios23-1024x682.jpg\"},{\"@type\":\"BreadcrumbList\",\"@id\":\"https:\/\/hugoinvesting.com\/es\/seguridad\/#breadcrumb\",\"itemListElement\":[{\"@type\":\"ListItem\",\"position\":1,\"name\":\"Home\",\"item\":\"https:\/\/hugoinvesting.com\/\"},{\"@type\":\"ListItem\",\"position\":2,\"name\":\"Seguridad\"}]},{\"@type\":\"WebSite\",\"@id\":\"https:\/\/hugoinvesting.com\/#website\",\"url\":\"https:\/\/hugoinvesting.com\/\",\"name\":\"Hugo Investing\",\"description\":\"Taking Care of Trader and Investors. Hugo helps traders and investors become better investors. Hugo is a broker where you can buy all financial instruments. Hugo&#039;s clients have a Saxo Bank account and receive unlimited support from Hugo&#039;s team of real investors.\",\"publisher\":{\"@id\":\"https:\/\/hugoinvesting.com\/#organization\"},\"potentialAction\":[{\"@type\":\"SearchAction\",\"target\":{\"@type\":\"EntryPoint\",\"urlTemplate\":\"https:\/\/hugoinvesting.com\/?s={search_term_string}\"},\"query-input\":{\"@type\":\"PropertyValueSpecification\",\"valueRequired\":true,\"valueName\":\"search_term_string\"}}],\"inLanguage\":\"es\"},{\"@type\":\"Organization\",\"@id\":\"https:\/\/hugoinvesting.com\/#organization\",\"name\":\"Hugo Investing\",\"url\":\"https:\/\/hugoinvesting.com\/\",\"logo\":{\"@type\":\"ImageObject\",\"inLanguage\":\"es\",\"@id\":\"https:\/\/hugoinvesting.com\/#\/schema\/logo\/image\/\",\"url\":\"https:\/\/hugoinvesting.com\/wp-content\/uploads\/2022\/01\/Logo-Hugo.jpg\",\"contentUrl\":\"https:\/\/hugoinvesting.com\/wp-content\/uploads\/2022\/01\/Logo-Hugo.jpg\",\"width\":900,\"height\":900,\"caption\":\"Hugo Investing\"},\"image\":{\"@id\":\"https:\/\/hugoinvesting.com\/#\/schema\/logo\/image\/\"},\"sameAs\":[\"https:\/\/www.facebook.com\/hugoinvesting\",\"https:\/\/www.instagram.com\/hugoinvesting\/\",\"https:\/\/es.linkedin.com\/company\/hugoinvesting\",\"https:\/\/www.youtube.com\/c\/HugoInvesting\",\"https:\/\/www.facebook.com\/hugoinvestingnederlands\",\"https:\/\/www.instagram.com\/hugoinvestingnederlands\",\"https:\/\/www.youtube.com\/c\/hugoinvestingspanjeportugal\"]}]}<\/script>\n<!-- \/ Yoast SEO plugin. -->","yoast_head_json":{"title":"Seguridad | Hugo Investing","description":"La seguridad es lo primero Sobre nuestra seguridad y la protecci\u00f3n de sus fondos Los clientes que invierten con Hugo tienen sus inversiones seguras en una","robots":{"index":"index","follow":"follow","max-snippet":"max-snippet:-1","max-image-preview":"max-image-preview:large","max-video-preview":"max-video-preview:-1"},"canonical":"https:\/\/hugoinvesting.com\/es\/seguridad\/","og_locale":"es_ES","og_type":"article","og_title":"Seguridad | Hugo Investing","og_description":"La seguridad es lo primero Sobre nuestra seguridad y la protecci\u00f3n de sus fondos Los clientes que invierten con Hugo tienen sus inversiones seguras en una","og_url":"https:\/\/hugoinvesting.com\/es\/seguridad\/","og_site_name":"Hugo Investing","article_publisher":"https:\/\/www.facebook.com\/hugoinvesting","article_modified_time":"2024-07-15T18:37:01+00:00","og_image":[{"url":"https:\/\/hugoinvesting.com\/wp-content\/uploads\/2020\/11\/Hugo-Broker-trading-investing-stock-portfolios23-1024x682.jpg","type":"","width":"","height":""}],"twitter_card":"summary_large_image","twitter_misc":{"Tiempo de lectura":"3 minutos"},"schema":{"@context":"https:\/\/schema.org","@graph":[{"@type":"WebPage","@id":"https:\/\/hugoinvesting.com\/es\/seguridad\/","url":"https:\/\/hugoinvesting.com\/es\/seguridad\/","name":"Seguridad | Hugo Investing","isPartOf":{"@id":"https:\/\/hugoinvesting.com\/#website"},"primaryImageOfPage":{"@id":"https:\/\/hugoinvesting.com\/es\/seguridad\/#primaryimage"},"image":{"@id":"https:\/\/hugoinvesting.com\/es\/seguridad\/#primaryimage"},"thumbnailUrl":"https:\/\/hugoinvesting.com\/wp-content\/uploads\/2020\/11\/Hugo-Broker-trading-investing-stock-portfolios23-1024x682.jpg","datePublished":"2020-10-26T14:12:42+00:00","dateModified":"2024-07-15T18:37:01+00:00","description":"La seguridad es lo primero Sobre nuestra seguridad y la protecci\u00f3n de sus fondos Los clientes que invierten con Hugo tienen sus inversiones seguras en una","breadcrumb":{"@id":"https:\/\/hugoinvesting.com\/es\/seguridad\/#breadcrumb"},"inLanguage":"es","potentialAction":[{"@type":"ReadAction","target":["https:\/\/hugoinvesting.com\/es\/seguridad\/"]}]},{"@type":"ImageObject","inLanguage":"es","@id":"https:\/\/hugoinvesting.com\/es\/seguridad\/#primaryimage","url":"https:\/\/hugoinvesting.com\/wp-content\/uploads\/2020\/11\/Hugo-Broker-trading-investing-stock-portfolios23-1024x682.jpg","contentUrl":"https:\/\/hugoinvesting.com\/wp-content\/uploads\/2020\/11\/Hugo-Broker-trading-investing-stock-portfolios23-1024x682.jpg"},{"@type":"BreadcrumbList","@id":"https:\/\/hugoinvesting.com\/es\/seguridad\/#breadcrumb","itemListElement":[{"@type":"ListItem","position":1,"name":"Home","item":"https:\/\/hugoinvesting.com\/"},{"@type":"ListItem","position":2,"name":"Seguridad"}]},{"@type":"WebSite","@id":"https:\/\/hugoinvesting.com\/#website","url":"https:\/\/hugoinvesting.com\/","name":"Hugo Investing","description":"Taking Care of Trader and Investors. Hugo helps traders and investors become better investors. Hugo is a broker where you can buy all financial instruments. Hugo&#039;s clients have a Saxo Bank account and receive unlimited support from Hugo&#039;s team of real investors.","publisher":{"@id":"https:\/\/hugoinvesting.com\/#organization"},"potentialAction":[{"@type":"SearchAction","target":{"@type":"EntryPoint","urlTemplate":"https:\/\/hugoinvesting.com\/?s={search_term_string}"},"query-input":{"@type":"PropertyValueSpecification","valueRequired":true,"valueName":"search_term_string"}}],"inLanguage":"es"},{"@type":"Organization","@id":"https:\/\/hugoinvesting.com\/#organization","name":"Hugo Investing","url":"https:\/\/hugoinvesting.com\/","logo":{"@type":"ImageObject","inLanguage":"es","@id":"https:\/\/hugoinvesting.com\/#\/schema\/logo\/image\/","url":"https:\/\/hugoinvesting.com\/wp-content\/uploads\/2022\/01\/Logo-Hugo.jpg","contentUrl":"https:\/\/hugoinvesting.com\/wp-content\/uploads\/2022\/01\/Logo-Hugo.jpg","width":900,"height":900,"caption":"Hugo Investing"},"image":{"@id":"https:\/\/hugoinvesting.com\/#\/schema\/logo\/image\/"},"sameAs":["https:\/\/www.facebook.com\/hugoinvesting","https:\/\/www.instagram.com\/hugoinvesting\/","https:\/\/es.linkedin.com\/company\/hugoinvesting","https:\/\/www.youtube.com\/c\/HugoInvesting","https:\/\/www.facebook.com\/hugoinvestingnederlands","https:\/\/www.instagram.com\/hugoinvestingnederlands","https:\/\/www.youtube.com\/c\/hugoinvestingspanjeportugal"]}]}},"_links":{"self":[{"href":"https:\/\/hugoinvesting.com\/es\/wp-json\/wp\/v2\/pages\/29830","targetHints":{"allow":["GET"]}}],"collection":[{"href":"https:\/\/hugoinvesting.com\/es\/wp-json\/wp\/v2\/pages"}],"about":[{"href":"https:\/\/hugoinvesting.com\/es\/wp-json\/wp\/v2\/types\/page"}],"author":[{"embeddable":true,"href":"https:\/\/hugoinvesting.com\/es\/wp-json\/wp\/v2\/users\/3"}],"replies":[{"embeddable":true,"href":"https:\/\/hugoinvesting.com\/es\/wp-json\/wp\/v2\/comments?post=29830"}],"version-history":[{"count":31,"href":"https:\/\/hugoinvesting.com\/es\/wp-json\/wp\/v2\/pages\/29830\/revisions"}],"predecessor-version":[{"id":49283,"href":"https:\/\/hugoinvesting.com\/es\/wp-json\/wp\/v2\/pages\/29830\/revisions\/49283"}],"wp:attachment":[{"href":"https:\/\/hugoinvesting.com\/es\/wp-json\/wp\/v2\/media?parent=29830"}],"curies":[{"name":"wp","href":"https:\/\/api.w.org\/{rel}","templated":true}]}}